{"id":11193,"date":"2026-03-10T03:22:07","date_gmt":"2026-03-10T07:22:07","guid":{"rendered":"https:\/\/www.pianoheritage.com\/?post_type=product&#038;p=11193"},"modified":"2026-03-10T03:23:54","modified_gmt":"2026-03-10T07:23:54","slug":"guitare-classique-acoustique-cgx122ms-yamaha","status":"publish","type":"product","link":"https:\/\/www.pianoheritage.com\/fr\/shop\/guitares\/guitare-classique-acoustique-cgx122ms-yamaha\/","title":{"rendered":"Guitare Classique Acoustique CGX122MS Yamaha"},"content":{"rendered":"<p data-start=\"2015\" data-end=\"2364\">La <strong data-start=\"2018\" data-end=\"2093\">guitare classique \u00e9lectro-acoustique Yamaha avec table en \u00e9pic\u00e9a massif<\/strong> combine la sonorit\u00e9 traditionnelle de la guitare classique avec des fonctionnalit\u00e9s modernes adapt\u00e9es \u00e0 la sc\u00e8ne et au studio. Sa <strong data-start=\"2224\" data-end=\"2250\">table en \u00e9pic\u00e9a massif<\/strong> offre un son clair, brillant et une excellente projection, id\u00e9ale pour le r\u00e9pertoire classique et le fingerstyle. Gr\u00e2ce \u00e0 son <strong data-start=\"2378\" data-end=\"2406\">syst\u00e8me de micro int\u00e9gr\u00e9<\/strong>, cette guitare peut \u00eatre facilement branch\u00e9e \u00e0 un amplificateur ou \u00e0 une sonorisation pour les concerts et les enregistrements. Elle dispose \u00e9galement d\u2019un <strong data-start=\"2563\" data-end=\"2584\">accordeur int\u00e9gr\u00e9<\/strong>, permettant un accordage rapide et pr\u00e9cis \u00e0 tout moment.<\/p>\n<ul>\n<li data-start=\"3113\" data-end=\"3184\">Table en \u00e9pic\u00e9a massif pour un son clair et une excellente projection<\/li>\n<li data-start=\"3187\" data-end=\"3250\">Syst\u00e8me de micro int\u00e9gr\u00e9 pour amplification et enregistrement<\/li>\n<li data-start=\"3253\" data-end=\"3307\">Accordeur int\u00e9gr\u00e9 pour un accordage rapide et pr\u00e9cis<\/li>\n<li data-start=\"3310\" data-end=\"3370\">Dos et \u00e9clisses en nato pour durabilit\u00e9 et bonne r\u00e9sonance<\/li>\n<li data-start=\"3373\" data-end=\"3420\">Manche en nato pour un confort de jeu optimal<\/li>\n<li data-start=\"3423\" data-end=\"3467\">Touche en noyer pour une jouabilit\u00e9 fluide<\/li>\n<li data-start=\"3470\" data-end=\"3505\">Finition mate \u00e9l\u00e9gante et moderne<\/li>\n<li data-start=\"3508\" data-end=\"3570\">Id\u00e9ale pour les performances live, le studio et la pratique<\/li>\n<\/ul>\n<span class=\"embed-youtube\" style=\"text-align:center; display: block;\"><iframe loading=\"lazy\" class=\"youtube-player\" width=\"1020\" height=\"574\" src=\"https:\/\/www.youtube.com\/embed\/653uAK4sZug?version=3&#038;rel=1&#038;showsearch=0&#038;showinfo=1&#038;iv_load_policy=1&#038;fs=1&#038;hl=fr-FR&#038;autohide=2&#038;wmode=transparent\" allowfullscreen=\"true\" style=\"border:0;\" sandbox=\"allow-scripts allow-same-origin allow-popups allow-presentation allow-popups-to-escape-sandbox\"><\/iframe><\/span>\n","protected":false},"excerpt":{"rendered":"<p>La guitare classique \u00e9lectro-acoustique Yamaha avec table en \u00e9pic\u00e9a massif combine la sonorit\u00e9 traditionnelle de la guitare classique avec des fonctionnalit\u00e9s modernes adapt\u00e9es \u00e0 la sc\u00e8ne et au studio. Sa table en \u00e9pic\u00e9a massif offre un son clair, brillant et une excellente projection, id\u00e9ale pour le r\u00e9pertoire classique et le fingerstyle.<\/p>\n","protected":false},"featured_media":11192,"comment_status":"open","ping_status":"closed","template":"","meta":{"jetpack_publicize_message":"","jetpack_publicize_feature_enabled":true,"jetpack_social_post_already_shared":true,"jetpack_social_options":{"image_generator_settings":{"template":"highway","default_image_id":0,"font":"","enabled":false},"version":2}},"product_brand":[],"product_cat":[61,62],"product_tag":[1016],"class_list":{"0":"post-11193","1":"product","2":"type-product","3":"status-publish","4":"has-post-thumbnail","6":"product_cat-guitares","7":"product_cat-guitares-acoustiques","8":"product_tag-yamaha","10":"first","11":"instock","12":"taxable","13":"shipping-taxable","14":"purchasable","15":"product-type-simple"},"jetpack_publicize_connections":[],"jetpack_sharing_enabled":true,"_links":{"self":[{"href":"https:\/\/www.pianoheritage.com\/fr\/wp-json\/wp\/v2\/product\/11193","targetHints":{"allow":["GET"]}}],"collection":[{"href":"https:\/\/www.pianoheritage.com\/fr\/wp-json\/wp\/v2\/product"}],"about":[{"href":"https:\/\/www.pianoheritage.com\/fr\/wp-json\/wp\/v2\/types\/product"}],"replies":[{"embeddable":true,"href":"https:\/\/www.pianoheritage.com\/fr\/wp-json\/wp\/v2\/comments?post=11193"}],"wp:featuredmedia":[{"embeddable":true,"href":"https:\/\/www.pianoheritage.com\/fr\/wp-json\/wp\/v2\/media\/11192"}],"wp:attachment":[{"href":"https:\/\/www.pianoheritage.com\/fr\/wp-json\/wp\/v2\/media?parent=11193"}],"wp:term":[{"taxonomy":"product_brand","embeddable":true,"href":"https:\/\/www.pianoheritage.com\/fr\/wp-json\/wp\/v2\/product_brand?post=11193"},{"taxonomy":"product_cat","embeddable":true,"href":"https:\/\/www.pianoheritage.com\/fr\/wp-json\/wp\/v2\/product_cat?post=11193"},{"taxonomy":"product_tag","embeddable":true,"href":"https:\/\/www.pianoheritage.com\/fr\/wp-json\/wp\/v2\/product_tag?post=11193"}],"curies":[{"name":"wp","href":"https:\/\/api.w.org\/{rel}","templated":true}]}}