{"id":11188,"date":"2026-03-10T03:16:45","date_gmt":"2026-03-10T07:16:45","guid":{"rendered":"https:\/\/www.pianoheritage.com\/?post_type=product&#038;p=11188"},"modified":"2026-03-10T03:18:00","modified_gmt":"2026-03-10T07:18:00","slug":"guitare-classique-electro-acoustique-cgx122mc-yamaha","status":"publish","type":"product","link":"https:\/\/www.pianoheritage.com\/fr\/shop\/guitares\/guitare-classique-electro-acoustique-cgx122mc-yamaha\/","title":{"rendered":"Guitare Classique \u00c9lectro-Acoustique CGX122MC Yamaha"},"content":{"rendered":"<p data-start=\"1962\" data-end=\"2297\">La <strong data-start=\"1965\" data-end=\"2012\">guitare classique \u00e9lectro-acoustique Yamaha<\/strong> allie savoir-faire traditionnel et fonctionnalit\u00e9s modernes, ce qui en fait un excellent choix pour la sc\u00e8ne, le studio ou la pratique \u00e0 la maison. Sa <strong data-start=\"2164\" data-end=\"2195\">table en c\u00e8dre rouge massif<\/strong> produit une sonorit\u00e9 chaude, riche et expressive, id\u00e9ale pour la musique classique et le fingerstyle. Pour une utilisation polyvalente, cette guitare est \u00e9quip\u00e9e d\u2019un <strong data-start=\"2364\" data-end=\"2392\">syst\u00e8me de micro int\u00e9gr\u00e9<\/strong>, permettant de brancher facilement l\u2019instrument pour les concerts ou les enregistrements. Elle dispose \u00e9galement d\u2019un <strong data-start=\"2511\" data-end=\"2532\">accordeur int\u00e9gr\u00e9<\/strong>, offrant un r\u00e9glage rapide et pr\u00e9cis \u00e0 tout moment.<\/p>\n<ul>\n<li data-start=\"3093\" data-end=\"3161\">Table en c\u00e8dre rouge massif pour une sonorit\u00e9 chaude et expressive<\/li>\n<li data-start=\"3164\" data-end=\"3227\">Syst\u00e8me de micro int\u00e9gr\u00e9 pour amplification et enregistrement<\/li>\n<li data-start=\"3230\" data-end=\"3284\">Accordeur int\u00e9gr\u00e9 pour un accordage rapide et pr\u00e9cis<\/li>\n<li data-start=\"3287\" data-end=\"3351\">Dos et \u00e9clisses en nato pour une bonne r\u00e9sonance et durabilit\u00e9<\/li>\n<li data-start=\"3354\" data-end=\"3401\">Manche en nato pour un confort de jeu optimal<\/li>\n<li data-start=\"3404\" data-end=\"3448\">Touche en noyer pour une jouabilit\u00e9 fluide<\/li>\n<li data-start=\"3451\" data-end=\"3486\">Finition mate \u00e9l\u00e9gante et moderne<\/li>\n<li data-start=\"3489\" data-end=\"3551\">Id\u00e9ale pour les performances live, le studio et la pratique<\/li>\n<\/ul>\n","protected":false},"excerpt":{"rendered":"<p>La guitare classique \u00e9lectro-acoustique Yamaha allie savoir-faire traditionnel et fonctionnalit\u00e9s modernes, ce qui en fait un excellent choix pour la sc\u00e8ne, le studio ou la pratique \u00e0 la maison. Sa table en c\u00e8dre rouge massif produit une sonorit\u00e9 chaude, riche et expressive, id\u00e9ale pour la musique classique et le fingerstyle.<\/p>\n","protected":false},"featured_media":11187,"comment_status":"open","ping_status":"closed","template":"","meta":{"jetpack_publicize_message":"","jetpack_publicize_feature_enabled":true,"jetpack_social_post_already_shared":true,"jetpack_social_options":{"image_generator_settings":{"template":"highway","default_image_id":0,"font":"","enabled":false},"version":2}},"product_brand":[],"product_cat":[61,62],"product_tag":[1016],"class_list":{"0":"post-11188","1":"product","2":"type-product","3":"status-publish","4":"has-post-thumbnail","6":"product_cat-guitares","7":"product_cat-guitares-acoustiques","8":"product_tag-yamaha","10":"first","11":"instock","12":"taxable","13":"shipping-taxable","14":"purchasable","15":"product-type-simple"},"jetpack_publicize_connections":[],"jetpack_sharing_enabled":true,"_links":{"self":[{"href":"https:\/\/www.pianoheritage.com\/fr\/wp-json\/wp\/v2\/product\/11188","targetHints":{"allow":["GET"]}}],"collection":[{"href":"https:\/\/www.pianoheritage.com\/fr\/wp-json\/wp\/v2\/product"}],"about":[{"href":"https:\/\/www.pianoheritage.com\/fr\/wp-json\/wp\/v2\/types\/product"}],"replies":[{"embeddable":true,"href":"https:\/\/www.pianoheritage.com\/fr\/wp-json\/wp\/v2\/comments?post=11188"}],"wp:featuredmedia":[{"embeddable":true,"href":"https:\/\/www.pianoheritage.com\/fr\/wp-json\/wp\/v2\/media\/11187"}],"wp:attachment":[{"href":"https:\/\/www.pianoheritage.com\/fr\/wp-json\/wp\/v2\/media?parent=11188"}],"wp:term":[{"taxonomy":"product_brand","embeddable":true,"href":"https:\/\/www.pianoheritage.com\/fr\/wp-json\/wp\/v2\/product_brand?post=11188"},{"taxonomy":"product_cat","embeddable":true,"href":"https:\/\/www.pianoheritage.com\/fr\/wp-json\/wp\/v2\/product_cat?post=11188"},{"taxonomy":"product_tag","embeddable":true,"href":"https:\/\/www.pianoheritage.com\/fr\/wp-json\/wp\/v2\/product_tag?post=11188"}],"curies":[{"name":"wp","href":"https:\/\/api.w.org\/{rel}","templated":true}]}}