{"id":11184,"date":"2026-03-10T03:12:50","date_gmt":"2026-03-10T07:12:50","guid":{"rendered":"https:\/\/www.pianoheritage.com\/?post_type=product&#038;p=11184"},"modified":"2026-03-10T03:13:47","modified_gmt":"2026-03-10T07:13:47","slug":"guitare-classique-yamaha-cg192s","status":"publish","type":"product","link":"https:\/\/www.pianoheritage.com\/fr\/shop\/guitares\/guitare-classique-yamaha-cg192s\/","title":{"rendered":"Guitare Classique Yamaha CG192S"},"content":{"rendered":"<p data-start=\"1706\" data-end=\"2067\">La <strong data-start=\"1709\" data-end=\"1744\">guitare classique Yamaha CG192S<\/strong> repr\u00e9sente le sommet de la c\u00e9l\u00e8bre s\u00e9rie CG de Yamaha, combinant une fabrication raffin\u00e9e et des performances sonores exceptionnelles. Sa <strong data-start=\"1883\" data-end=\"1918\">table en \u00e9pic\u00e9a europ\u00e9en massif<\/strong> offre une sonorit\u00e9 claire, brillante et tr\u00e8s r\u00e9active, avec une excellente projection, id\u00e9ale pour le r\u00e9pertoire classique et le jeu en fingerstyle. Le <strong data-start=\"2072\" data-end=\"2110\">dos et les \u00e9clisses en palissandre<\/strong> apportent richesse et profondeur au son, cr\u00e9ant un \u00e9quilibre parfait entre des basses chaleureuses et des aigus pr\u00e9cis. Son <strong data-start=\"2235\" data-end=\"2264\">manche en acajou africain<\/strong> assure solidit\u00e9, stabilit\u00e9 et confort de jeu, tandis que la <strong data-start=\"2325\" data-end=\"2344\">touche en \u00e9b\u00e8ne<\/strong> garantit une surface lisse pour une grande pr\u00e9cision et une jouabilit\u00e9 fluide.<\/p>\n<ul>\n<li data-start=\"2644\" data-end=\"2724\">Table en \u00e9pic\u00e9a europ\u00e9en massif pour un son clair et une excellente projection<\/li>\n<li data-start=\"2727\" data-end=\"2798\">Dos et \u00e9clisses en palissandre pour une r\u00e9sonance riche et \u00e9quilibr\u00e9e<\/li>\n<li data-start=\"2801\" data-end=\"2861\">Manche en acajou africain pour stabilit\u00e9 et confort de jeu<\/li>\n<li data-start=\"2864\" data-end=\"2919\">Touche en \u00e9b\u00e8ne pour une jouabilit\u00e9 fluide et pr\u00e9cise<\/li>\n<li data-start=\"2922\" data-end=\"2974\">Fabrication haut de gamme de la s\u00e9rie CG de Yamaha<\/li>\n<li data-start=\"2977\" data-end=\"3049\">Id\u00e9ale pour la musique classique et les performances professionnelles<\/li>\n<\/ul>\n","protected":false},"excerpt":{"rendered":"<p>La guitare classique Yamaha CG192S repr\u00e9sente le sommet de la c\u00e9l\u00e8bre s\u00e9rie CG de Yamaha, combinant une fabrication raffin\u00e9e et des performances sonores exceptionnelles. Sa table en \u00e9pic\u00e9a europ\u00e9en massif offre une sonorit\u00e9 claire, brillante et tr\u00e8s r\u00e9active, avec une excellente projection, id\u00e9ale pour le r\u00e9pertoire classique et le jeu en fingerstyle.<\/p>\n","protected":false},"featured_media":11183,"comment_status":"open","ping_status":"closed","template":"","meta":{"jetpack_publicize_message":"","jetpack_publicize_feature_enabled":true,"jetpack_social_post_already_shared":true,"jetpack_social_options":{"image_generator_settings":{"template":"highway","default_image_id":0,"font":"","enabled":false},"version":2}},"product_brand":[],"product_cat":[61,62],"product_tag":[1016],"class_list":{"0":"post-11184","1":"product","2":"type-product","3":"status-publish","4":"has-post-thumbnail","6":"product_cat-guitares","7":"product_cat-guitares-acoustiques","8":"product_tag-yamaha","10":"first","11":"instock","12":"taxable","13":"shipping-taxable","14":"purchasable","15":"product-type-simple"},"jetpack_publicize_connections":[],"jetpack_sharing_enabled":true,"_links":{"self":[{"href":"https:\/\/www.pianoheritage.com\/fr\/wp-json\/wp\/v2\/product\/11184","targetHints":{"allow":["GET"]}}],"collection":[{"href":"https:\/\/www.pianoheritage.com\/fr\/wp-json\/wp\/v2\/product"}],"about":[{"href":"https:\/\/www.pianoheritage.com\/fr\/wp-json\/wp\/v2\/types\/product"}],"replies":[{"embeddable":true,"href":"https:\/\/www.pianoheritage.com\/fr\/wp-json\/wp\/v2\/comments?post=11184"}],"wp:featuredmedia":[{"embeddable":true,"href":"https:\/\/www.pianoheritage.com\/fr\/wp-json\/wp\/v2\/media\/11183"}],"wp:attachment":[{"href":"https:\/\/www.pianoheritage.com\/fr\/wp-json\/wp\/v2\/media?parent=11184"}],"wp:term":[{"taxonomy":"product_brand","embeddable":true,"href":"https:\/\/www.pianoheritage.com\/fr\/wp-json\/wp\/v2\/product_brand?post=11184"},{"taxonomy":"product_cat","embeddable":true,"href":"https:\/\/www.pianoheritage.com\/fr\/wp-json\/wp\/v2\/product_cat?post=11184"},{"taxonomy":"product_tag","embeddable":true,"href":"https:\/\/www.pianoheritage.com\/fr\/wp-json\/wp\/v2\/product_tag?post=11184"}],"curies":[{"name":"wp","href":"https:\/\/api.w.org\/{rel}","templated":true}]}}