{"id":11164,"date":"2026-03-10T02:14:31","date_gmt":"2026-03-10T06:14:31","guid":{"rendered":"https:\/\/www.pianoheritage.com\/?post_type=product&#038;p=11164"},"modified":"2026-03-10T02:19:33","modified_gmt":"2026-03-10T06:19:33","slug":"guitare-classique-yamaha-cg162c","status":"publish","type":"product","link":"https:\/\/www.pianoheritage.com\/fr\/shop\/guitares\/guitares-acoustiques\/guitare-classique-yamaha-cg162c\/","title":{"rendered":"Guitare Classique Yamaha CG162C"},"content":{"rendered":"<p data-start=\"1147\" data-end=\"1542\">La guitare classique <strong data-start=\"1185\" data-end=\"1202\">Yamaha CG162C<\/strong> est con\u00e7ue pour les guitaristes de niveau interm\u00e9diaire recherchant une excellente sonorit\u00e9, une fabrication de qualit\u00e9 et un grand confort de jeu. Dot\u00e9e d\u2019une <strong data-start=\"1363\" data-end=\"1394\">table en c\u00e8dre rouge massif<\/strong>, elle produit un son chaleureux, riche et expressif avec une excellente r\u00e9activit\u00e9, id\u00e9al pour la musique classique, le flamenco et le fingerstyle. Le <strong data-start=\"1547\" data-end=\"1582\">dos et les \u00e9clisses en ovangkol<\/strong> am\u00e9liorent la profondeur sonore et la projection tout en offrant une belle finition naturelle. Son <strong data-start=\"1682\" data-end=\"1700\">manche en nato<\/strong> assure solidit\u00e9 et stabilit\u00e9, tandis que la <strong data-start=\"1745\" data-end=\"1770\">touche en palissandre<\/strong> garantit une sensation de jeu fluide et un positionnement pr\u00e9cis des doigts.<\/p>\n<ul>\n<li data-start=\"2500\" data-end=\"2568\">Table en c\u00e8dre rouge massif pour une sonorit\u00e9 riche et chaleureuse<\/li>\n<li data-start=\"2571\" data-end=\"2643\">Dos et \u00e9clisses en ovangkol pour une meilleure r\u00e9sonance et projection<\/li>\n<li data-start=\"2646\" data-end=\"2680\">Manche en nato solide et durable<\/li>\n<li data-start=\"2683\" data-end=\"2743\">Touche en palissandre lisse pour un confort de jeu optimal<\/li>\n<li data-start=\"2746\" data-end=\"2821\">R\u00e9ponse sonore \u00e9quilibr\u00e9e id\u00e9ale pour la musique classique et fingerstyle<\/li>\n<li data-start=\"2824\" data-end=\"2876\">Design \u00e9l\u00e9gant de guitare classique traditionnelle<\/li>\n<li data-start=\"2879\" data-end=\"2948\">Parfaite pour les guitaristes interm\u00e9diaires et les \u00e9tudiants avanc\u00e9s<\/li>\n<\/ul>\n","protected":false},"excerpt":{"rendered":"<p>La guitare classique Yamaha CG162C est con\u00e7ue pour les guitaristes de niveau interm\u00e9diaire recherchant une excellente sonorit\u00e9, une fabrication de qualit\u00e9 et un grand confort de jeu. Dot\u00e9e d\u2019une table en c\u00e8dre rouge massif, elle produit un son chaleureux, riche et expressif avec une excellente r\u00e9activit\u00e9, id\u00e9al pour la musique classique, le flamenco et le fingerstyle.<\/p>\n","protected":false},"featured_media":11163,"comment_status":"open","ping_status":"closed","template":"","meta":{"jetpack_publicize_message":"","jetpack_publicize_feature_enabled":true,"jetpack_social_post_already_shared":true,"jetpack_social_options":{"image_generator_settings":{"template":"highway","default_image_id":0,"font":"","enabled":false},"version":2}},"product_brand":[],"product_cat":[61,62],"product_tag":[1016],"class_list":{"0":"post-11164","1":"product","2":"type-product","3":"status-publish","4":"has-post-thumbnail","6":"product_cat-guitares","7":"product_cat-guitares-acoustiques","8":"product_tag-yamaha","10":"first","11":"instock","12":"taxable","13":"shipping-taxable","14":"purchasable","15":"product-type-simple"},"jetpack_publicize_connections":[],"jetpack_sharing_enabled":true,"_links":{"self":[{"href":"https:\/\/www.pianoheritage.com\/fr\/wp-json\/wp\/v2\/product\/11164","targetHints":{"allow":["GET"]}}],"collection":[{"href":"https:\/\/www.pianoheritage.com\/fr\/wp-json\/wp\/v2\/product"}],"about":[{"href":"https:\/\/www.pianoheritage.com\/fr\/wp-json\/wp\/v2\/types\/product"}],"replies":[{"embeddable":true,"href":"https:\/\/www.pianoheritage.com\/fr\/wp-json\/wp\/v2\/comments?post=11164"}],"wp:featuredmedia":[{"embeddable":true,"href":"https:\/\/www.pianoheritage.com\/fr\/wp-json\/wp\/v2\/media\/11163"}],"wp:attachment":[{"href":"https:\/\/www.pianoheritage.com\/fr\/wp-json\/wp\/v2\/media?parent=11164"}],"wp:term":[{"taxonomy":"product_brand","embeddable":true,"href":"https:\/\/www.pianoheritage.com\/fr\/wp-json\/wp\/v2\/product_brand?post=11164"},{"taxonomy":"product_cat","embeddable":true,"href":"https:\/\/www.pianoheritage.com\/fr\/wp-json\/wp\/v2\/product_cat?post=11164"},{"taxonomy":"product_tag","embeddable":true,"href":"https:\/\/www.pianoheritage.com\/fr\/wp-json\/wp\/v2\/product_tag?post=11164"}],"curies":[{"name":"wp","href":"https:\/\/api.w.org\/{rel}","templated":true}]}}