{"id":11147,"date":"2026-03-09T05:24:53","date_gmt":"2026-03-09T09:24:53","guid":{"rendered":"https:\/\/www.pianoheritage.com\/?post_type=product&#038;p=11147"},"modified":"2026-03-09T05:26:40","modified_gmt":"2026-03-09T09:26:40","slug":"amplificateur-guitare-intelligent-spark-40","status":"publish","type":"product","link":"https:\/\/www.pianoheritage.com\/fr\/shop\/denceintes-et-son\/amplificateur-guitare-intelligent-spark-40\/","title":{"rendered":"Amplificateur guitare intelligent Spark 40"},"content":{"rendered":"<p>Le Spark 40 est l\u2019ampli de pratique intelligent le plus vendu, con\u00e7u pour offrir un son puissant, immersif et des fonctionnalit\u00e9s innovantes qui inspirent les musiciens. Avec 40 watts de son st\u00e9r\u00e9o puissant, un design personnalisable et des technologies intelligentes avanc\u00e9es, Spark red\u00e9finit l\u2019ampli de pratique moderne. Gr\u00e2ce au BIAS Tone Engine prim\u00e9, Spark donne acc\u00e8s \u00e0 plus de 50 000 sons, 33 mod\u00e8les d\u2019amplis et 43 effets int\u00e9gr\u00e9s. Que vous jouiez de la guitare \u00e9lectrique, de la basse ou de l\u2019acoustique, Spark offre des tonalit\u00e9s riches, des basses profondes et une clart\u00e9 remarquable.<\/p>\n<ul>\n<li>Amplificateur guitare intelligent st\u00e9r\u00e9o de 40 watts<\/li>\n<li>Deux haut-parleurs personnalis\u00e9s de 4 pouces<\/li>\n<li>Acc\u00e8s \u00e0 plus de 50 000 sons via l\u2019application Spark<\/li>\n<li>Aliment\u00e9 par le BIAS Tone Engine<\/li>\n<li>33 mod\u00e8les d\u2019amplis et 43 effets int\u00e9gr\u00e9s<\/li>\n<li>Smart Jam Live cr\u00e9e un accompagnement basse et batterie en temps r\u00e9el<\/li>\n<li>Auto Chords affiche automatiquement les accords de millions de chansons<\/li>\n<li>Commandes vocales pour un contr\u00f4le mains libres<\/li>\n<li>Streaming Bluetooth pour musique et pistes d\u2019accompagnement<\/li>\n<li>Interface audio USB pour l\u2019enregistrement \u00e0 domicile<\/li>\n<li>Compatible avec guitares \u00e9lectriques, basses et acoustiques<\/li>\n<li>4 presets programmables pour changer rapidement de son<\/li>\n<li>Design personnalisable avec diff\u00e9rentes grilles et finitions<\/li>\n<\/ul>\n","protected":false},"excerpt":{"rendered":"<p>Le Spark 40 est l\u2019ampli de pratique intelligent le plus vendu, con\u00e7u pour offrir un son puissant, immersif et des fonctionnalit\u00e9s innovantes qui inspirent les musiciens. Avec 40 watts de son st\u00e9r\u00e9o puissant, un design personnalisable et des technologies intelligentes avanc\u00e9es, Spark red\u00e9finit l\u2019ampli de pratique moderne.<\/p>\n","protected":false},"featured_media":11142,"comment_status":"open","ping_status":"closed","template":"","meta":{"jetpack_publicize_message":"","jetpack_publicize_feature_enabled":true,"jetpack_social_post_already_shared":true,"jetpack_social_options":{"image_generator_settings":{"template":"highway","default_image_id":0,"font":"","enabled":false},"version":2}},"product_brand":[],"product_cat":[271,273],"product_tag":[972],"class_list":{"0":"post-11147","1":"product","2":"type-product","3":"status-publish","4":"has-post-thumbnail","6":"product_cat-denceintes-et-son","7":"product_cat-enceintes","8":"product_tag-spark","10":"first","11":"outofstock","12":"taxable","13":"shipping-taxable","14":"purchasable","15":"product-type-simple"},"jetpack_publicize_connections":[],"jetpack_sharing_enabled":true,"_links":{"self":[{"href":"https:\/\/www.pianoheritage.com\/fr\/wp-json\/wp\/v2\/product\/11147","targetHints":{"allow":["GET"]}}],"collection":[{"href":"https:\/\/www.pianoheritage.com\/fr\/wp-json\/wp\/v2\/product"}],"about":[{"href":"https:\/\/www.pianoheritage.com\/fr\/wp-json\/wp\/v2\/types\/product"}],"replies":[{"embeddable":true,"href":"https:\/\/www.pianoheritage.com\/fr\/wp-json\/wp\/v2\/comments?post=11147"}],"wp:featuredmedia":[{"embeddable":true,"href":"https:\/\/www.pianoheritage.com\/fr\/wp-json\/wp\/v2\/media\/11142"}],"wp:attachment":[{"href":"https:\/\/www.pianoheritage.com\/fr\/wp-json\/wp\/v2\/media?parent=11147"}],"wp:term":[{"taxonomy":"product_brand","embeddable":true,"href":"https:\/\/www.pianoheritage.com\/fr\/wp-json\/wp\/v2\/product_brand?post=11147"},{"taxonomy":"product_cat","embeddable":true,"href":"https:\/\/www.pianoheritage.com\/fr\/wp-json\/wp\/v2\/product_cat?post=11147"},{"taxonomy":"product_tag","embeddable":true,"href":"https:\/\/www.pianoheritage.com\/fr\/wp-json\/wp\/v2\/product_tag?post=11147"}],"curies":[{"name":"wp","href":"https:\/\/api.w.org\/{rel}","templated":true}]}}