{"id":11067,"date":"2026-03-09T04:42:45","date_gmt":"2026-03-09T08:42:45","guid":{"rendered":"https:\/\/www.pianoheritage.com\/?post_type=product&#038;p=11067"},"modified":"2026-03-09T04:42:45","modified_gmt":"2026-03-09T08:42:45","slug":"amplificateur-amplifie-spark-live-150-w","status":"publish","type":"product","link":"https:\/\/www.pianoheritage.com\/fr\/shop\/denceintes-et-son\/enceintes\/amplificateur-amplifie-spark-live-150-w\/","title":{"rendered":"Amplificateur amplifi\u00e9 SPARK-LIVE 150 W"},"content":{"rendered":"<p>D\u00e9couvrez Spark LIVE, votre solution compl\u00e8te pour les performances live. Combinant un amplificateur guitare professionnel et un syst\u00e8me PA \u00e0 4 canaux, Spark LIVE red\u00e9finit ce qu\u2019un ampli de sc\u00e8ne peut offrir gr\u00e2ce \u00e0 une technologie avanc\u00e9e et une polyvalence exceptionnelle.<\/p>\n<p>\u00c9quip\u00e9 de mod\u00e8les d\u2019amplis prim\u00e9s et d\u2019effets int\u00e9gr\u00e9s, Spark LIVE s\u2019adapte instantan\u00e9ment aux performances solo, aux groupes ou aux pr\u00e9sentations vocales. Que vous jouiez de la guitare, de la basse, chantiez ou diffusiez des pistes d\u2019accompagnement, son syst\u00e8me de mixage int\u00e9gr\u00e9 permet de g\u00e9rer facilement toute votre performance dans un format compact.<\/p>\n<ul>\n<li>Amplificateur guitare intelligent et syst\u00e8me PA 4 canaux tout-en-un<\/li>\n<li>Technologie Sonic IQ Computational Audio pour un traitement sonore avanc\u00e9<\/li>\n<li>Amplificateur multi-instrument \u00e0 4 canaux pour guitare, basse, voix et plus<\/li>\n<li>Mixeur int\u00e9gr\u00e9 avec effets et presets<\/li>\n<li>33 mod\u00e8les d\u2019amplis, 43 effets et plus de 50 000 sons via l\u2019application Spark<\/li>\n<li>Streaming Bluetooth pour pistes d\u2019accompagnement et musique<\/li>\n<li>Auto-EQ avec G-Sensor qui ajuste le son selon la position de l\u2019ampli<\/li>\n<li>Batterie rechargeable optionnelle pour jouer partout<\/li>\n<li>Entr\u00e9es st\u00e9r\u00e9o directes pour claviers, p\u00e9daliers et autres appareils<\/li>\n<li>Presets d\u00e9di\u00e9s pour voix, basse et guitare acoustique<\/li>\n<li>Design compact et portable id\u00e9al pour concerts et r\u00e9p\u00e9titions<\/li>\n<li>Connectivit\u00e9 WiFi et Bluetooth pour mises \u00e0 jour et int\u00e9gration avec l\u2019application<\/li>\n<\/ul>\n","protected":false},"excerpt":{"rendered":"<p>D\u00e9couvrez Spark LIVE, votre solution compl\u00e8te pour les performances live. Combinant un amplificateur guitare professionnel et un syst\u00e8me PA \u00e0 4 canaux, Spark LIVE red\u00e9finit ce qu\u2019un ampli de sc\u00e8ne peut offrir gr\u00e2ce \u00e0 une technologie avanc\u00e9e et une polyvalence exceptionnelle.<\/p>\n","protected":false},"featured_media":11068,"comment_status":"open","ping_status":"closed","template":"","meta":{"jetpack_publicize_message":"","jetpack_publicize_feature_enabled":true,"jetpack_social_post_already_shared":true,"jetpack_social_options":{"image_generator_settings":{"template":"highway","default_image_id":0,"font":"","enabled":false},"version":2}},"product_brand":[969],"product_cat":[273],"product_tag":[972],"class_list":{"0":"post-11067","1":"product","2":"type-product","3":"status-publish","4":"has-post-thumbnail","6":"product_brand-spark","7":"product_cat-enceintes","8":"product_tag-spark","10":"first","11":"instock","12":"taxable","13":"shipping-taxable","14":"purchasable","15":"product-type-simple"},"jetpack_publicize_connections":[],"jetpack_sharing_enabled":true,"_links":{"self":[{"href":"https:\/\/www.pianoheritage.com\/fr\/wp-json\/wp\/v2\/product\/11067","targetHints":{"allow":["GET"]}}],"collection":[{"href":"https:\/\/www.pianoheritage.com\/fr\/wp-json\/wp\/v2\/product"}],"about":[{"href":"https:\/\/www.pianoheritage.com\/fr\/wp-json\/wp\/v2\/types\/product"}],"replies":[{"embeddable":true,"href":"https:\/\/www.pianoheritage.com\/fr\/wp-json\/wp\/v2\/comments?post=11067"}],"wp:featuredmedia":[{"embeddable":true,"href":"https:\/\/www.pianoheritage.com\/fr\/wp-json\/wp\/v2\/media\/11068"}],"wp:attachment":[{"href":"https:\/\/www.pianoheritage.com\/fr\/wp-json\/wp\/v2\/media?parent=11067"}],"wp:term":[{"taxonomy":"product_brand","embeddable":true,"href":"https:\/\/www.pianoheritage.com\/fr\/wp-json\/wp\/v2\/product_brand?post=11067"},{"taxonomy":"product_cat","embeddable":true,"href":"https:\/\/www.pianoheritage.com\/fr\/wp-json\/wp\/v2\/product_cat?post=11067"},{"taxonomy":"product_tag","embeddable":true,"href":"https:\/\/www.pianoheritage.com\/fr\/wp-json\/wp\/v2\/product_tag?post=11067"}],"curies":[{"name":"wp","href":"https:\/\/api.w.org\/{rel}","templated":true}]}}