{"id":11066,"date":"2026-03-09T03:15:41","date_gmt":"2026-03-09T07:15:41","guid":{"rendered":"https:\/\/www.pianoheritage.com\/?post_type=product&#038;p=11066"},"modified":"2026-03-09T04:37:59","modified_gmt":"2026-03-09T08:37:59","slug":"batterie-rechargeable-spark","status":"publish","type":"product","link":"https:\/\/www.pianoheritage.com\/fr\/shop\/accessoires\/batterie-rechargeable-spark\/","title":{"rendered":"Batterie rechargeable Spark"},"content":{"rendered":"<p>La batterie Spark est une solution d\u2019alimentation rechargeable optionnelle con\u00e7ue pour vous offrir la libert\u00e9 de jouer avec votre amplificateur Spark partout. Compatible avec Spark 2, Spark EDGE et Spark LIVE, cette batterie rempla\u00e7able vous permet de jouer sans \u00eatre reli\u00e9 \u00e0 une prise de courant, ce qui la rend id\u00e9ale pour les r\u00e9p\u00e9titions, les performances de rue, les sessions en plein air et la pratique mobile. Offrant jusqu\u2019\u00e0 8 \u00e0 12 heures d\u2019autonomie sur une seule charge (selon le mod\u00e8le Spark), la batterie Spark vous permet de jouer plus longtemps sans interruption. Son syst\u00e8me de remplacement rapide permet de changer la batterie en quelques secondes afin de prolonger facilement votre temps de jeu avec une batterie suppl\u00e9mentaire.<\/p>\n<ul>\n<li>Batterie rechargeable con\u00e7ue pour les amplificateurs Spark compatibles<\/li>\n<li>Permet de jouer partout sans prise de courant<\/li>\n<li>Batterie facilement rempla\u00e7able en quelques secondes<\/li>\n<li>Longue autonomie sur une seule charge<\/li>\n<li>Recharge automatique lorsque l\u2019ampli est branch\u00e9<\/li>\n<li>Id\u00e9ale pour les performances en plein air, les r\u00e9p\u00e9titions et les d\u00e9placements<\/li>\n<\/ul>\n","protected":false},"excerpt":{"rendered":"<p>La batterie Spark est une solution d\u2019alimentation rechargeable optionnelle con\u00e7ue pour vous offrir la libert\u00e9 de jouer avec votre amplificateur Spark partout. Compatible avec Spark 2, Spark EDGE et Spark LIVE, cette batterie rempla\u00e7able vous permet de jouer sans \u00eatre reli\u00e9 \u00e0 une prise de courant, ce qui la rend id\u00e9ale pour les r\u00e9p\u00e9titions, les performances de rue, les sessions en plein air et la pratique mobile.<\/p>\n","protected":false},"featured_media":11005,"comment_status":"open","ping_status":"closed","template":"","meta":{"jetpack_publicize_message":"","jetpack_publicize_feature_enabled":true,"jetpack_social_post_already_shared":true,"jetpack_social_options":{"image_generator_settings":{"template":"highway","default_image_id":0,"font":"","enabled":false},"version":2}},"product_brand":[],"product_cat":[71],"product_tag":[972],"class_list":{"0":"post-11066","1":"product","2":"type-product","3":"status-publish","4":"has-post-thumbnail","6":"product_cat-accessoires","7":"product_tag-spark","9":"first","10":"instock","11":"taxable","12":"shipping-taxable","13":"purchasable","14":"product-type-simple"},"jetpack_publicize_connections":[],"jetpack_sharing_enabled":true,"_links":{"self":[{"href":"https:\/\/www.pianoheritage.com\/fr\/wp-json\/wp\/v2\/product\/11066","targetHints":{"allow":["GET"]}}],"collection":[{"href":"https:\/\/www.pianoheritage.com\/fr\/wp-json\/wp\/v2\/product"}],"about":[{"href":"https:\/\/www.pianoheritage.com\/fr\/wp-json\/wp\/v2\/types\/product"}],"replies":[{"embeddable":true,"href":"https:\/\/www.pianoheritage.com\/fr\/wp-json\/wp\/v2\/comments?post=11066"}],"wp:featuredmedia":[{"embeddable":true,"href":"https:\/\/www.pianoheritage.com\/fr\/wp-json\/wp\/v2\/media\/11005"}],"wp:attachment":[{"href":"https:\/\/www.pianoheritage.com\/fr\/wp-json\/wp\/v2\/media?parent=11066"}],"wp:term":[{"taxonomy":"product_brand","embeddable":true,"href":"https:\/\/www.pianoheritage.com\/fr\/wp-json\/wp\/v2\/product_brand?post=11066"},{"taxonomy":"product_cat","embeddable":true,"href":"https:\/\/www.pianoheritage.com\/fr\/wp-json\/wp\/v2\/product_cat?post=11066"},{"taxonomy":"product_tag","embeddable":true,"href":"https:\/\/www.pianoheritage.com\/fr\/wp-json\/wp\/v2\/product_tag?post=11066"}],"curies":[{"name":"wp","href":"https:\/\/api.w.org\/{rel}","templated":true}]}}