{"id":10922,"date":"2026-03-07T14:23:36","date_gmt":"2026-03-07T19:23:36","guid":{"rendered":"https:\/\/www.pianoheritage.com\/?post_type=product&#038;p=10922"},"modified":"2026-03-07T14:50:44","modified_gmt":"2026-03-07T19:50:44","slug":"tas3c-guitare-transacoustic-2e-generation","status":"publish","type":"product","link":"https:\/\/www.pianoheritage.com\/fr\/shop\/guitares\/guitares-acoustiques\/tas3c-guitare-transacoustic-2e-generation\/","title":{"rendered":"TAS3C Guitare TransAcoustic (2e g\u00e9n\u00e9ration)"},"content":{"rendered":"<p>La guitare Yamaha TransAcoustic repousse les limites de la cr\u00e9ativit\u00e9 en mettant \u00e0 votre disposition des fonctions de r\u00e9verb\u00e9ration, de d\u00e9lai, de chorus, de looper et Bluetooth. Que vous composiez, r\u00e9p\u00e9tiez, jouiez ou enregistriez, la TAS3 C est l&rsquo;outil id\u00e9al pour vous. Sa construction en \u00e9pic\u00e9a massif et en acajou garantit une qualit\u00e9 sonore exceptionnelle, compl\u00e9t\u00e9e par des effets professionnels haute fid\u00e9lit\u00e9.<\/p>\n<ul>\n<li>Corps de type concert \u00e0 pan coup\u00e9<\/li>\n<li>Table en \u00e9pic\u00e9a sitka massif avec traitement A.R.E.<\/li>\n<li>Dos et \u00e9clisses en acajou massif<\/li>\n<li>Looper int\u00e9gr\u00e9 avec capteur tactile<\/li>\n<li>Effets de r\u00e9verb\u00e9ration, chorus et delay int\u00e9gr\u00e9s avec commandes simples<\/li>\n<li>Fonctionnalit\u00e9 audio Bluetooth<\/li>\n<li>Batterie rechargeable et connexion de charge magn\u00e9tique<\/li>\n<\/ul>\n","protected":false},"excerpt":{"rendered":"<p>La guitare Yamaha TransAcoustic repousse les limites de la cr\u00e9ativit\u00e9 en mettant \u00e0 votre disposition des fonctions de r\u00e9verb\u00e9ration, de d\u00e9lai, de chorus, de looper et Bluetooth. Que vous composiez, r\u00e9p\u00e9tiez, jouiez ou enregistriez, la TAS3 C est l&rsquo;outil id\u00e9al pour vous. Sa construction en \u00e9pic\u00e9a massif et en acajou garantit une qualit\u00e9 sonore exceptionnelle, compl\u00e9t\u00e9e par des effets professionnels haute fid\u00e9lit\u00e9.<\/p>\n","protected":false},"featured_media":10927,"comment_status":"open","ping_status":"closed","template":"","meta":{"jetpack_publicize_message":"","jetpack_publicize_feature_enabled":true,"jetpack_social_post_already_shared":true,"jetpack_social_options":{"image_generator_settings":{"template":"highway","default_image_id":0,"font":"","enabled":false},"version":2}},"product_brand":[],"product_cat":[62],"product_tag":[],"class_list":{"0":"post-10922","1":"product","2":"type-product","3":"status-publish","4":"has-post-thumbnail","6":"product_cat-guitares-acoustiques","8":"first","9":"instock","10":"taxable","11":"shipping-taxable","12":"purchasable","13":"product-type-variable"},"jetpack_publicize_connections":[],"jetpack_sharing_enabled":true,"_links":{"self":[{"href":"https:\/\/www.pianoheritage.com\/fr\/wp-json\/wp\/v2\/product\/10922","targetHints":{"allow":["GET"]}}],"collection":[{"href":"https:\/\/www.pianoheritage.com\/fr\/wp-json\/wp\/v2\/product"}],"about":[{"href":"https:\/\/www.pianoheritage.com\/fr\/wp-json\/wp\/v2\/types\/product"}],"replies":[{"embeddable":true,"href":"https:\/\/www.pianoheritage.com\/fr\/wp-json\/wp\/v2\/comments?post=10922"}],"wp:featuredmedia":[{"embeddable":true,"href":"https:\/\/www.pianoheritage.com\/fr\/wp-json\/wp\/v2\/media\/10927"}],"wp:attachment":[{"href":"https:\/\/www.pianoheritage.com\/fr\/wp-json\/wp\/v2\/media?parent=10922"}],"wp:term":[{"taxonomy":"product_brand","embeddable":true,"href":"https:\/\/www.pianoheritage.com\/fr\/wp-json\/wp\/v2\/product_brand?post=10922"},{"taxonomy":"product_cat","embeddable":true,"href":"https:\/\/www.pianoheritage.com\/fr\/wp-json\/wp\/v2\/product_cat?post=10922"},{"taxonomy":"product_tag","embeddable":true,"href":"https:\/\/www.pianoheritage.com\/fr\/wp-json\/wp\/v2\/product_tag?post=10922"}],"curies":[{"name":"wp","href":"https:\/\/api.w.org\/{rel}","templated":true}]}}