{"id":10876,"date":"2026-03-07T00:07:03","date_gmt":"2026-03-07T05:07:03","guid":{"rendered":"https:\/\/www.pianoheritage.com\/?post_type=product&#038;p=10876"},"modified":"2026-03-07T01:03:11","modified_gmt":"2026-03-07T06:03:11","slug":"yamaha-pacifica-pac611hfm-guitare-electrique","status":"publish","type":"product","link":"https:\/\/www.pianoheritage.com\/fr\/shop\/guitares\/guitares-electriques\/yamaha-pacifica-pac611hfm-guitare-electrique\/","title":{"rendered":"Yamaha Pacifica PAC611HFM Guitare \u00c9lectrique"},"content":{"rendered":"<p>Lanc\u00e9e pour la premi\u00e8re fois en 1990, la s\u00e9rie Pacifica s&rsquo;inspirait de la sc\u00e8ne musicale californienne de l&rsquo;\u00e9poque, o\u00f9 polyvalence, performances et individualit\u00e9 \u00e9taient des crit\u00e8res essentiels. Inspir\u00e9e par ces guitares fabriqu\u00e9es sur mesure et par la version originale, la PAC611HFM incarne aujourd&rsquo;hui le concept Pacifica.<\/p>\n<ul>\n<li>Micros Seymour Duncan Custom 5 TB-14 et SP90-1<\/li>\n<li>Sillet et guide-cordes Graph Tech TUSQ<\/li>\n<li>M\u00e9caniques Grover \u00e0 blocage<\/li>\n<li>Chevalet fixe avec sillets Graph Tech String Saver<\/li>\n<li>Corps en aulne avec table en \u00e9rable flamm\u00e9<\/li>\n<li>Manche en \u00e9rable avec touche en palissandre<\/li>\n<li>S\u00e9lecteur de micro \u00e0 3 positions<\/li>\n<li>Commutateur push-pull coil-split pour des options sonores suppl\u00e9mentaires<\/li>\n<\/ul>\n<p><span class=\"embed-youtube\" style=\"text-align:center; display: block;\"><iframe loading=\"lazy\" class=\"youtube-player\" width=\"1020\" height=\"574\" src=\"https:\/\/www.youtube.com\/embed\/Rhip7zqzYoM?version=3&#038;rel=1&#038;showsearch=0&#038;showinfo=1&#038;iv_load_policy=1&#038;fs=1&#038;hl=fr-FR&#038;autohide=2&#038;wmode=transparent\" allowfullscreen=\"true\" style=\"border:0;\" sandbox=\"allow-scripts allow-same-origin allow-popups allow-presentation allow-popups-to-escape-sandbox\"><\/iframe><\/span><\/p>\n","protected":false},"excerpt":{"rendered":"<p>Lanc\u00e9e pour la premi\u00e8re fois en 1990, la s\u00e9rie Pacifica s&rsquo;inspirait de la sc\u00e8ne musicale californienne de l&rsquo;\u00e9poque, o\u00f9 polyvalence, performances et individualit\u00e9 \u00e9taient des crit\u00e8res essentiels. Inspir\u00e9e par ces guitares fabriqu\u00e9es sur mesure et par la version originale, la PAC611HFM incarne aujourd&rsquo;hui le concept Pacifica.<\/p>\n","protected":false},"featured_media":10884,"comment_status":"open","ping_status":"closed","template":"","meta":{"jetpack_publicize_message":"","jetpack_publicize_feature_enabled":true,"jetpack_social_post_already_shared":true,"jetpack_social_options":{"image_generator_settings":{"template":"highway","default_image_id":0,"font":"","enabled":false},"version":2}},"product_brand":[],"product_cat":[55],"product_tag":[752],"class_list":{"0":"post-10876","1":"product","2":"type-product","3":"status-publish","4":"has-post-thumbnail","6":"product_cat-guitares-electriques","7":"product_tag-pacifica-fr","9":"first","10":"instock","11":"taxable","12":"shipping-taxable","13":"purchasable","14":"product-type-variable"},"jetpack_publicize_connections":[],"jetpack_sharing_enabled":true,"_links":{"self":[{"href":"https:\/\/www.pianoheritage.com\/fr\/wp-json\/wp\/v2\/product\/10876","targetHints":{"allow":["GET"]}}],"collection":[{"href":"https:\/\/www.pianoheritage.com\/fr\/wp-json\/wp\/v2\/product"}],"about":[{"href":"https:\/\/www.pianoheritage.com\/fr\/wp-json\/wp\/v2\/types\/product"}],"replies":[{"embeddable":true,"href":"https:\/\/www.pianoheritage.com\/fr\/wp-json\/wp\/v2\/comments?post=10876"}],"wp:featuredmedia":[{"embeddable":true,"href":"https:\/\/www.pianoheritage.com\/fr\/wp-json\/wp\/v2\/media\/10884"}],"wp:attachment":[{"href":"https:\/\/www.pianoheritage.com\/fr\/wp-json\/wp\/v2\/media?parent=10876"}],"wp:term":[{"taxonomy":"product_brand","embeddable":true,"href":"https:\/\/www.pianoheritage.com\/fr\/wp-json\/wp\/v2\/product_brand?post=10876"},{"taxonomy":"product_cat","embeddable":true,"href":"https:\/\/www.pianoheritage.com\/fr\/wp-json\/wp\/v2\/product_cat?post=10876"},{"taxonomy":"product_tag","embeddable":true,"href":"https:\/\/www.pianoheritage.com\/fr\/wp-json\/wp\/v2\/product_tag?post=10876"}],"curies":[{"name":"wp","href":"https:\/\/api.w.org\/{rel}","templated":true}]}}