{"id":10817,"date":"2026-02-22T16:37:12","date_gmt":"2026-02-22T21:37:12","guid":{"rendered":"https:\/\/www.pianoheritage.com\/?post_type=product&#038;p=10817"},"modified":"2026-02-22T16:42:35","modified_gmt":"2026-02-22T21:42:35","slug":"spark-apmli","status":"publish","type":"product","link":"https:\/\/www.pianoheritage.com\/fr\/shop\/denceintes-et-son\/amplificateurs\/spark-apmli\/","title":{"rendered":"Spark Apmli"},"content":{"rendered":"<p>&nbsp;<\/p>\n<p>Dot\u00e9 de 40 watts de son immersif qui remplit la pi\u00e8ce, d&rsquo;un contr\u00f4le embarqu\u00e9 ultime et de fonctionnalit\u00e9s intelligentes extr\u00eamement inspirantes comme le tout nouveau Smart Jam Live, Auto Chords, plus de 100 000 sonorit\u00e9s et plus encore !<\/p>\n<p><span class=\"embed-youtube\" style=\"text-align:center; display: block;\"><iframe loading=\"lazy\" class=\"youtube-player\" width=\"1020\" height=\"574\" src=\"https:\/\/www.youtube.com\/embed\/Em7yHXqH6p4?version=3&#038;rel=1&#038;showsearch=0&#038;showinfo=1&#038;iv_load_policy=1&#038;fs=1&#038;hl=fr-FR&#038;autohide=2&#038;wmode=transparent\" allowfullscreen=\"true\" style=\"border:0;\" sandbox=\"allow-scripts allow-same-origin allow-popups allow-presentation allow-popups-to-escape-sandbox\"><\/iframe><\/span><\/p>\n","protected":false},"excerpt":{"rendered":"<p>&nbsp; Dot\u00e9 de 40 watts de son immersif qui remplit la pi\u00e8ce, d&rsquo;un contr\u00f4le embarqu\u00e9 ultime et de fonctionnalit\u00e9s intelligentes extr\u00eamement inspirantes comme le tout nouveau Smart Jam Live, Auto Chords, plus de 100 000 sonorit\u00e9s et plus encore !<\/p>\n","protected":false},"featured_media":10821,"comment_status":"open","ping_status":"closed","template":"","meta":{"jetpack_publicize_message":"","jetpack_publicize_feature_enabled":true,"jetpack_social_post_already_shared":true,"jetpack_social_options":{"image_generator_settings":{"template":"highway","default_image_id":0,"font":"","enabled":false},"version":2}},"product_brand":[],"product_cat":[69,273],"product_tag":[972],"class_list":{"0":"post-10817","1":"product","2":"type-product","3":"status-publish","4":"has-post-thumbnail","6":"product_cat-amplificateurs","7":"product_cat-enceintes","8":"product_tag-spark","10":"first","11":"instock","12":"taxable","13":"shipping-taxable","14":"purchasable","15":"product-type-simple"},"jetpack_publicize_connections":[],"jetpack_sharing_enabled":true,"_links":{"self":[{"href":"https:\/\/www.pianoheritage.com\/fr\/wp-json\/wp\/v2\/product\/10817","targetHints":{"allow":["GET"]}}],"collection":[{"href":"https:\/\/www.pianoheritage.com\/fr\/wp-json\/wp\/v2\/product"}],"about":[{"href":"https:\/\/www.pianoheritage.com\/fr\/wp-json\/wp\/v2\/types\/product"}],"replies":[{"embeddable":true,"href":"https:\/\/www.pianoheritage.com\/fr\/wp-json\/wp\/v2\/comments?post=10817"}],"wp:featuredmedia":[{"embeddable":true,"href":"https:\/\/www.pianoheritage.com\/fr\/wp-json\/wp\/v2\/media\/10821"}],"wp:attachment":[{"href":"https:\/\/www.pianoheritage.com\/fr\/wp-json\/wp\/v2\/media?parent=10817"}],"wp:term":[{"taxonomy":"product_brand","embeddable":true,"href":"https:\/\/www.pianoheritage.com\/fr\/wp-json\/wp\/v2\/product_brand?post=10817"},{"taxonomy":"product_cat","embeddable":true,"href":"https:\/\/www.pianoheritage.com\/fr\/wp-json\/wp\/v2\/product_cat?post=10817"},{"taxonomy":"product_tag","embeddable":true,"href":"https:\/\/www.pianoheritage.com\/fr\/wp-json\/wp\/v2\/product_tag?post=10817"}],"curies":[{"name":"wp","href":"https:\/\/api.w.org\/{rel}","templated":true}]}}