{"id":10799,"date":"2026-02-20T17:36:03","date_gmt":"2026-02-20T22:36:03","guid":{"rendered":"https:\/\/www.pianoheritage.com\/?post_type=product&#038;p=10799"},"modified":"2026-02-20T17:44:05","modified_gmt":"2026-02-20T22:44:05","slug":"spark-link-systemes-de-guitare-sans-fil","status":"publish","type":"product","link":"https:\/\/www.pianoheritage.com\/fr\/shop\/guitares\/systemes-sans-fil-pour-guitare\/spark-link-systemes-de-guitare-sans-fil\/","title":{"rendered":"Spark Link syst\u00e8mes de guitare sans fil"},"content":{"rendered":"<p>Lib\u00e9rez-vous des c\u00e2bles avec le syst\u00e8me sans fil pour guitare Spark LINK. Son design \u00e9l\u00e9gant, sa latence ultra-faible et sa port\u00e9e de plus de 20 m\u00e8tres garantissent une exp\u00e9rience sonore irr\u00e9prochable et sans bruit, \u00e0 la maison, sur sc\u00e8ne et partout ailleurs. Branchez, allumez et jouez\u00a0: aucune configuration compliqu\u00e9e n\u2019est requise. De plus, gr\u00e2ce \u00e0 ses 4 canaux, vous pouvez utiliser plusieurs Spark LINK simultan\u00e9ment. Avec sa prise d\u2019entr\u00e9e articul\u00e9e et flexible, le Spark LINK s\u2019adapte \u00e0 quasiment toutes les guitares et \u00e0 toutes les situations de jeu ou de r\u00e9p\u00e9tition.<\/p>\n<p><span class=\"embed-youtube\" style=\"text-align:center; display: block;\"><iframe loading=\"lazy\" class=\"youtube-player\" width=\"1020\" height=\"574\" src=\"https:\/\/www.youtube.com\/embed\/uXzqILCNoZ0?version=3&#038;rel=1&#038;showsearch=0&#038;showinfo=1&#038;iv_load_policy=1&#038;fs=1&#038;hl=fr-FR&#038;autohide=2&#038;wmode=transparent\" allowfullscreen=\"true\" style=\"border:0;\" sandbox=\"allow-scripts allow-same-origin allow-popups allow-presentation allow-popups-to-escape-sandbox\"><\/iframe><\/span><\/p>\n","protected":false},"excerpt":{"rendered":"<p>Lib\u00e9rez-vous des c\u00e2bles avec le syst\u00e8me sans fil pour guitare Spark LINK. Son design \u00e9l\u00e9gant, sa latence ultra-faible et sa port\u00e9e de plus de 20 m\u00e8tres garantissent une exp\u00e9rience sonore irr\u00e9prochable et sans bruit, \u00e0 la maison, sur sc\u00e8ne et partout ailleurs. Branchez, allumez et jouez\u00a0: aucune configuration compliqu\u00e9e n\u2019est requise. De plus, gr\u00e2ce \u00e0 [&#8230;]\n","protected":false},"featured_media":10803,"comment_status":"open","ping_status":"closed","template":"","meta":{"jetpack_publicize_message":"","jetpack_publicize_feature_enabled":true,"jetpack_social_post_already_shared":true,"jetpack_social_options":{"image_generator_settings":{"template":"highway","default_image_id":0,"font":"","enabled":false},"version":2}},"product_brand":[],"product_cat":[279],"product_tag":[972],"class_list":{"0":"post-10799","1":"product","2":"type-product","3":"status-publish","4":"has-post-thumbnail","6":"product_cat-systemes-sans-fil-pour-guitare","7":"product_tag-spark","9":"first","10":"instock","11":"taxable","12":"shipping-taxable","13":"purchasable","14":"product-type-simple"},"jetpack_publicize_connections":[],"jetpack_sharing_enabled":true,"_links":{"self":[{"href":"https:\/\/www.pianoheritage.com\/fr\/wp-json\/wp\/v2\/product\/10799","targetHints":{"allow":["GET"]}}],"collection":[{"href":"https:\/\/www.pianoheritage.com\/fr\/wp-json\/wp\/v2\/product"}],"about":[{"href":"https:\/\/www.pianoheritage.com\/fr\/wp-json\/wp\/v2\/types\/product"}],"replies":[{"embeddable":true,"href":"https:\/\/www.pianoheritage.com\/fr\/wp-json\/wp\/v2\/comments?post=10799"}],"wp:featuredmedia":[{"embeddable":true,"href":"https:\/\/www.pianoheritage.com\/fr\/wp-json\/wp\/v2\/media\/10803"}],"wp:attachment":[{"href":"https:\/\/www.pianoheritage.com\/fr\/wp-json\/wp\/v2\/media?parent=10799"}],"wp:term":[{"taxonomy":"product_brand","embeddable":true,"href":"https:\/\/www.pianoheritage.com\/fr\/wp-json\/wp\/v2\/product_brand?post=10799"},{"taxonomy":"product_cat","embeddable":true,"href":"https:\/\/www.pianoheritage.com\/fr\/wp-json\/wp\/v2\/product_cat?post=10799"},{"taxonomy":"product_tag","embeddable":true,"href":"https:\/\/www.pianoheritage.com\/fr\/wp-json\/wp\/v2\/product_tag?post=10799"}],"curies":[{"name":"wp","href":"https:\/\/api.w.org\/{rel}","templated":true}]}}