{"id":10790,"date":"2026-02-15T09:44:50","date_gmt":"2026-02-15T14:44:50","guid":{"rendered":"https:\/\/www.pianoheritage.com\/?post_type=product&#038;p=10790"},"modified":"2026-02-15T09:53:40","modified_gmt":"2026-02-15T14:53:40","slug":"spark-neo","status":"publish","type":"product","link":"https:\/\/www.pianoheritage.com\/fr\/shop\/accessoires\/ecouteurs\/spark-neo\/","title":{"rendered":"Spark NEO"},"content":{"rendered":"<p>Spark NEO associe la technologie d&rsquo;amplification intelligente prim\u00e9e de Spark \u00e0 une v\u00e9ritable connectivit\u00e9 sans fil, offrant une exp\u00e9rience de guitare immersive et un son riche et d\u00e9taill\u00e9 dans un casque haut de gamme. Dot\u00e9 de nombreuses fonctionnalit\u00e9s intelligentes bas\u00e9es sur l&rsquo;IA, d&rsquo;un son con\u00e7u avec pr\u00e9cision, de haut-parleurs audio personnalis\u00e9s et d&rsquo;un \u00e9quipement complet, Spark NEO est con\u00e7u avec une pr\u00e9cision absolue pour une qualit\u00e9 sonore et des performances in\u00e9gal\u00e9es.<\/p>\n<p><span class=\"embed-youtube\" style=\"text-align:center; display: block;\"><iframe loading=\"lazy\" class=\"youtube-player\" width=\"1020\" height=\"574\" src=\"https:\/\/www.youtube.com\/embed\/QDAu3mggvhk?version=3&#038;rel=1&#038;showsearch=0&#038;showinfo=1&#038;iv_load_policy=1&#038;fs=1&#038;hl=fr-FR&#038;autohide=2&#038;wmode=transparent\" allowfullscreen=\"true\" style=\"border:0;\" sandbox=\"allow-scripts allow-same-origin allow-popups allow-presentation allow-popups-to-escape-sandbox\"><\/iframe><\/span><\/p>\n","protected":false},"excerpt":{"rendered":"<p>Spark NEO associe la technologie d&rsquo;amplification intelligente prim\u00e9e de Spark \u00e0 une v\u00e9ritable connectivit\u00e9 sans fil, offrant une exp\u00e9rience de guitare immersive et un son riche et d\u00e9taill\u00e9 dans un casque haut de gamme. Dot\u00e9 de nombreuses fonctionnalit\u00e9s intelligentes bas\u00e9es sur l&rsquo;IA, d&rsquo;un son con\u00e7u avec pr\u00e9cision, de haut-parleurs audio personnalis\u00e9s et d&rsquo;un \u00e9quipement complet, [&#8230;]\n","protected":false},"featured_media":10792,"comment_status":"open","ping_status":"closed","template":"","meta":{"jetpack_publicize_message":"","jetpack_publicize_feature_enabled":true,"jetpack_social_post_already_shared":true,"jetpack_social_options":{"image_generator_settings":{"template":"highway","default_image_id":0,"font":"","enabled":false},"version":2}},"product_brand":[],"product_cat":[265,103],"product_tag":[972],"class_list":{"0":"post-10790","1":"product","2":"type-product","3":"status-publish","4":"has-post-thumbnail","6":"product_cat-adaptateurs-bluetooth","7":"product_cat-ecouteurs","8":"product_tag-spark","10":"first","11":"instock","12":"taxable","13":"shipping-taxable","14":"purchasable","15":"product-type-simple"},"jetpack_publicize_connections":[],"jetpack_sharing_enabled":true,"_links":{"self":[{"href":"https:\/\/www.pianoheritage.com\/fr\/wp-json\/wp\/v2\/product\/10790","targetHints":{"allow":["GET"]}}],"collection":[{"href":"https:\/\/www.pianoheritage.com\/fr\/wp-json\/wp\/v2\/product"}],"about":[{"href":"https:\/\/www.pianoheritage.com\/fr\/wp-json\/wp\/v2\/types\/product"}],"replies":[{"embeddable":true,"href":"https:\/\/www.pianoheritage.com\/fr\/wp-json\/wp\/v2\/comments?post=10790"}],"wp:featuredmedia":[{"embeddable":true,"href":"https:\/\/www.pianoheritage.com\/fr\/wp-json\/wp\/v2\/media\/10792"}],"wp:attachment":[{"href":"https:\/\/www.pianoheritage.com\/fr\/wp-json\/wp\/v2\/media?parent=10790"}],"wp:term":[{"taxonomy":"product_brand","embeddable":true,"href":"https:\/\/www.pianoheritage.com\/fr\/wp-json\/wp\/v2\/product_brand?post=10790"},{"taxonomy":"product_cat","embeddable":true,"href":"https:\/\/www.pianoheritage.com\/fr\/wp-json\/wp\/v2\/product_cat?post=10790"},{"taxonomy":"product_tag","embeddable":true,"href":"https:\/\/www.pianoheritage.com\/fr\/wp-json\/wp\/v2\/product_tag?post=10790"}],"curies":[{"name":"wp","href":"https:\/\/api.w.org\/{rel}","templated":true}]}}