{"id":10788,"date":"2026-02-15T09:39:22","date_gmt":"2026-02-15T14:39:22","guid":{"rendered":"https:\/\/www.pianoheritage.com\/?post_type=product&#038;p=10788"},"modified":"2026-03-09T04:39:09","modified_gmt":"2026-03-09T08:39:09","slug":"spark-go-ampli-de-guitare-intelligent-ultra-portable-de-5-watts-et-haut-parleur-bluetooth","status":"publish","type":"product","link":"https:\/\/www.pianoheritage.com\/fr\/shop\/denceintes-et-son\/amplificateurs\/spark-go-ampli-de-guitare-intelligent-ultra-portable-de-5-watts-et-haut-parleur-bluetooth\/","title":{"rendered":"Spark Go Ampli de guitare intelligent ultra-portable de 5 watts et haut-parleur Bluetooth\u00ae"},"content":{"rendered":"<p>Un son immersif et \u00e9poustouflant gr\u00e2ce \u00e0 une acoustique de pointe et \u00e0 l&rsquo;audio computationnel. Int\u00e9gration parfaite avec l&rsquo;application Spark. Enceinte Bluetooth, interface audio, batterie rechargeable et sortie casque\/ligne.<\/p>\n","protected":false},"excerpt":{"rendered":"<p>Un son immersif et \u00e9poustouflant gr\u00e2ce \u00e0 une acoustique de pointe et \u00e0 l&rsquo;audio computationnel. Int\u00e9gration parfaite avec l&rsquo;application Spark. Enceinte Bluetooth, interface audio, batterie rechargeable et sortie casque\/ligne.<\/p>\n","protected":false},"featured_media":10785,"comment_status":"open","ping_status":"closed","template":"","meta":{"jetpack_publicize_message":"","jetpack_publicize_feature_enabled":true,"jetpack_social_post_already_shared":true,"jetpack_social_options":{"image_generator_settings":{"template":"highway","default_image_id":0,"font":"","enabled":false},"version":2}},"product_brand":[],"product_cat":[69],"product_tag":[972],"class_list":{"0":"post-10788","1":"product","2":"type-product","3":"status-publish","4":"has-post-thumbnail","6":"product_cat-amplificateurs","7":"product_tag-spark","9":"first","10":"instock","11":"taxable","12":"shipping-taxable","13":"purchasable","14":"product-type-variable"},"jetpack_publicize_connections":[],"jetpack_sharing_enabled":true,"_links":{"self":[{"href":"https:\/\/www.pianoheritage.com\/fr\/wp-json\/wp\/v2\/product\/10788","targetHints":{"allow":["GET"]}}],"collection":[{"href":"https:\/\/www.pianoheritage.com\/fr\/wp-json\/wp\/v2\/product"}],"about":[{"href":"https:\/\/www.pianoheritage.com\/fr\/wp-json\/wp\/v2\/types\/product"}],"replies":[{"embeddable":true,"href":"https:\/\/www.pianoheritage.com\/fr\/wp-json\/wp\/v2\/comments?post=10788"}],"wp:featuredmedia":[{"embeddable":true,"href":"https:\/\/www.pianoheritage.com\/fr\/wp-json\/wp\/v2\/media\/10785"}],"wp:attachment":[{"href":"https:\/\/www.pianoheritage.com\/fr\/wp-json\/wp\/v2\/media?parent=10788"}],"wp:term":[{"taxonomy":"product_brand","embeddable":true,"href":"https:\/\/www.pianoheritage.com\/fr\/wp-json\/wp\/v2\/product_brand?post=10788"},{"taxonomy":"product_cat","embeddable":true,"href":"https:\/\/www.pianoheritage.com\/fr\/wp-json\/wp\/v2\/product_cat?post=10788"},{"taxonomy":"product_tag","embeddable":true,"href":"https:\/\/www.pianoheritage.com\/fr\/wp-json\/wp\/v2\/product_tag?post=10788"}],"curies":[{"name":"wp","href":"https:\/\/api.w.org\/{rel}","templated":true}]}}