{"id":10774,"date":"2026-02-15T09:16:56","date_gmt":"2026-02-15T14:16:56","guid":{"rendered":"https:\/\/www.pianoheritage.com\/?post_type=product&#038;p=10774"},"modified":"2026-02-15T09:27:31","modified_gmt":"2026-02-15T14:27:31","slug":"spark-2-ampli-dentrainement-de-guitare-intelligent-de-50-watts-et-haut-parleur-bluetooth","status":"publish","type":"product","link":"https:\/\/www.pianoheritage.com\/fr\/shop\/denceintes-et-son\/amplificateurs\/spark-2-ampli-dentrainement-de-guitare-intelligent-de-50-watts-et-haut-parleur-bluetooth\/","title":{"rendered":"Spark 2 Ampli d&rsquo;entra\u00eenement de guitare intelligent de 50 watts et haut-parleur Bluetooth\u00ae"},"content":{"rendered":"<p>Le nouveau Spark 2, enti\u00e8rement repens\u00e9, est l&rsquo;ampli d&rsquo;entra\u00eenement ultime. Il reprend tout ce que vous aimiez du Spark original, pouss\u00e9 \u00e0 l&rsquo;extr\u00eame\u00a0: un son avanc\u00e9, un looper int\u00e9gr\u00e9, des fonctionnalit\u00e9s d&rsquo;IA et une sonorit\u00e9 incroyable. Gr\u00e2ce \u00e0 une toute nouvelle conception de haut-parleur et \u00e0 la technologie audio computationnelle Sonic IQ, c&rsquo;est votre Spark. Plus que jamais.<\/p>\n","protected":false},"excerpt":{"rendered":"<p>Moniteur de studio de proximit\u00e9 bi-amplifi\u00e9 bass-reflex 2 voies avec woofer \u00e0 c\u00f4ne 5&Prime; et tweeter \u00e0 d\u00f4me 1&Prime;. Des points de montage sur 4 surfaces sont disponibles.<\/p>\n","protected":false},"featured_media":10780,"comment_status":"open","ping_status":"closed","template":"","meta":{"jetpack_publicize_message":"","jetpack_publicize_feature_enabled":true,"jetpack_social_post_already_shared":true,"jetpack_social_options":{"image_generator_settings":{"template":"highway","default_image_id":0,"font":"","enabled":false},"version":2}},"product_brand":[],"product_cat":[69,273],"product_tag":[972],"class_list":{"0":"post-10774","1":"product","2":"type-product","3":"status-publish","4":"has-post-thumbnail","6":"product_cat-amplificateurs","7":"product_cat-enceintes","8":"product_tag-spark","10":"first","11":"instock","12":"taxable","13":"shipping-taxable","14":"purchasable","15":"product-type-variable"},"jetpack_publicize_connections":[],"jetpack_sharing_enabled":true,"_links":{"self":[{"href":"https:\/\/www.pianoheritage.com\/fr\/wp-json\/wp\/v2\/product\/10774","targetHints":{"allow":["GET"]}}],"collection":[{"href":"https:\/\/www.pianoheritage.com\/fr\/wp-json\/wp\/v2\/product"}],"about":[{"href":"https:\/\/www.pianoheritage.com\/fr\/wp-json\/wp\/v2\/types\/product"}],"replies":[{"embeddable":true,"href":"https:\/\/www.pianoheritage.com\/fr\/wp-json\/wp\/v2\/comments?post=10774"}],"wp:featuredmedia":[{"embeddable":true,"href":"https:\/\/www.pianoheritage.com\/fr\/wp-json\/wp\/v2\/media\/10780"}],"wp:attachment":[{"href":"https:\/\/www.pianoheritage.com\/fr\/wp-json\/wp\/v2\/media?parent=10774"}],"wp:term":[{"taxonomy":"product_brand","embeddable":true,"href":"https:\/\/www.pianoheritage.com\/fr\/wp-json\/wp\/v2\/product_brand?post=10774"},{"taxonomy":"product_cat","embeddable":true,"href":"https:\/\/www.pianoheritage.com\/fr\/wp-json\/wp\/v2\/product_cat?post=10774"},{"taxonomy":"product_tag","embeddable":true,"href":"https:\/\/www.pianoheritage.com\/fr\/wp-json\/wp\/v2\/product_tag?post=10774"}],"curies":[{"name":"wp","href":"https:\/\/api.w.org\/{rel}","templated":true}]}}