{"id":1039,"date":"2018-04-10T19:33:24","date_gmt":"2018-04-10T19:33:24","guid":{"rendered":"https:\/\/www.pianoheritage.com\/shop\/non%20class\u00e9\/czerny-practical-method-for-beginners-on-the-piano-opus-599\/"},"modified":"2021-09-05T16:47:41","modified_gmt":"2021-09-05T20:47:41","slug":"czerny-practical-method-for-beginners-on-the-piano-opus-599","status":"publish","type":"product","link":"https:\/\/www.pianoheritage.com\/fr\/shop\/livres-de-musique\/livres-de-piano\/czerny-practical-method-for-beginners-on-the-piano-opus-599\/","title":{"rendered":"Czerny Practical Method For Beginners On The Piano Opus 599"},"content":{"rendered":"<p>M\u00e9thode qui pr\u00e9serve l&rsquo;excellent doigt\u00e9 de Czerny\u00a0pour travailler la technique pianistique.<\/p>\n","protected":false},"excerpt":{"rendered":"<p>M\u00e9thode qui pr\u00e9serve l&rsquo;excellent doigt\u00e9 de Czerny\u00a0pour travailler la technique pianistique.<\/p>\n","protected":false},"featured_media":1038,"comment_status":"open","ping_status":"closed","template":"","meta":{"jetpack_publicize_message":"","jetpack_publicize_feature_enabled":true,"jetpack_social_post_already_shared":false,"jetpack_social_options":{"image_generator_settings":{"template":"highway","default_image_id":0,"font":"","enabled":false},"version":2}},"product_brand":[],"product_cat":[63],"product_tag":[45],"class_list":{"0":"post-1039","1":"product","2":"type-product","3":"status-publish","4":"has-post-thumbnail","6":"product_cat-livres-de-piano","7":"product_tag-piano-books-fr","9":"first","10":"outofstock","11":"taxable","12":"shipping-taxable","13":"purchasable","14":"product-type-simple"},"jetpack_publicize_connections":[],"jetpack_sharing_enabled":true,"_links":{"self":[{"href":"https:\/\/www.pianoheritage.com\/fr\/wp-json\/wp\/v2\/product\/1039","targetHints":{"allow":["GET"]}}],"collection":[{"href":"https:\/\/www.pianoheritage.com\/fr\/wp-json\/wp\/v2\/product"}],"about":[{"href":"https:\/\/www.pianoheritage.com\/fr\/wp-json\/wp\/v2\/types\/product"}],"replies":[{"embeddable":true,"href":"https:\/\/www.pianoheritage.com\/fr\/wp-json\/wp\/v2\/comments?post=1039"}],"wp:featuredmedia":[{"embeddable":true,"href":"https:\/\/www.pianoheritage.com\/fr\/wp-json\/wp\/v2\/media\/1038"}],"wp:attachment":[{"href":"https:\/\/www.pianoheritage.com\/fr\/wp-json\/wp\/v2\/media?parent=1039"}],"wp:term":[{"taxonomy":"product_brand","embeddable":true,"href":"https:\/\/www.pianoheritage.com\/fr\/wp-json\/wp\/v2\/product_brand?post=1039"},{"taxonomy":"product_cat","embeddable":true,"href":"https:\/\/www.pianoheritage.com\/fr\/wp-json\/wp\/v2\/product_cat?post=1039"},{"taxonomy":"product_tag","embeddable":true,"href":"https:\/\/www.pianoheritage.com\/fr\/wp-json\/wp\/v2\/product_tag?post=1039"}],"curies":[{"name":"wp","href":"https:\/\/api.w.org\/{rel}","templated":true}]}}