{"id":10182,"date":"2025-04-13T10:06:25","date_gmt":"2025-04-13T14:06:25","guid":{"rendered":"https:\/\/www.pianoheritage.com\/?post_type=product&#038;p=10182"},"modified":"2025-04-13T10:11:38","modified_gmt":"2025-04-13T14:11:38","slug":"yamaha-pacifica-pacs12m-guitare-electrique","status":"publish","type":"product","link":"https:\/\/www.pianoheritage.com\/fr\/shop\/guitares\/guitares-electriques\/yamaha-pacifica-pacs12m-guitare-electrique\/","title":{"rendered":"Yamaha Pacifica PACS+12M Guitare \u00c9lectrique"},"content":{"rendered":"<p>La PACS+12M offre un son et une jouabilit\u00e9 exceptionnels. Elle est dot\u00e9e d&rsquo;un corps en aulne redessin\u00e9, d&rsquo;un manche fin en \u00e9rable \u00e0 profil en C avec touche en \u00e9rable, de micros Reflectone d\u00e9velopp\u00e9s en collaboration avec Rupert Neve Designs et d&rsquo;un choix de trois finitions \u00e9clatantes.<\/p>\n<p>Configuration de micros HSS avec s\u00e9lecteur 5 positions<br \/>\nMicros Reflectone cr\u00e9\u00e9s en collaboration avec Rupert Neve Designs<br \/>\nChoix de trois nouvelles finitions aux accents sud-californiens<br \/>\nContr\u00f4les de volume et de tonalit\u00e9 (avec bobine splitt\u00e9e push-pull)<br \/>\nManche fin en \u00e9rable \u00e0 profil en C avec finition satin\u00e9e naturelle<br \/>\nTouche en \u00e9rable avec frettes moyennes en acier inoxydable<br \/>\nM\u00e9caniques \u00e0 blocage Gotoh et chevalet \u00e0 vibrato 2 points<br \/>\nHousse incluse<\/p>\n<p><span class=\"embed-youtube\" style=\"text-align:center; display: block;\"><iframe loading=\"lazy\" class=\"youtube-player\" width=\"1020\" height=\"574\" src=\"https:\/\/www.youtube.com\/embed\/Rhip7zqzYoM?version=3&#038;rel=1&#038;showsearch=0&#038;showinfo=1&#038;iv_load_policy=1&#038;fs=1&#038;hl=fr-FR&#038;autohide=2&#038;wmode=transparent\" allowfullscreen=\"true\" style=\"border:0;\" sandbox=\"allow-scripts allow-same-origin allow-popups allow-presentation allow-popups-to-escape-sandbox\"><\/iframe><\/span><\/p>\n","protected":false},"excerpt":{"rendered":"<p>La PACS+12M offre un son et une jouabilit\u00e9 exceptionnels. Elle est dot\u00e9e d&rsquo;un corps en aulne redessin\u00e9, d&rsquo;un manche fin en \u00e9rable \u00e0 profil en C avec touche en \u00e9rable, de micros Reflectone d\u00e9velopp\u00e9s en collaboration avec Rupert Neve Designs et d&rsquo;un choix de trois finitions \u00e9clatantes.<\/p>\n","protected":false},"featured_media":10190,"comment_status":"open","ping_status":"closed","template":"","meta":{"jetpack_publicize_message":"","jetpack_publicize_feature_enabled":true,"jetpack_social_post_already_shared":true,"jetpack_social_options":{"image_generator_settings":{"template":"highway","default_image_id":0,"font":"","enabled":false},"version":2}},"product_brand":[],"product_cat":[55],"product_tag":[886,752,944,946],"class_list":{"0":"post-10182","1":"product","2":"type-product","3":"status-publish","4":"has-post-thumbnail","6":"product_cat-guitares-electriques","7":"product_tag-pac012-fr","8":"product_tag-pacifica-fr","9":"product_tag-pacs12-fr","10":"product_tag-pacs12m-fr","12":"first","13":"instock","14":"sale","15":"taxable","16":"shipping-taxable","17":"purchasable","18":"product-type-variable"},"jetpack_publicize_connections":[],"jetpack_sharing_enabled":true,"_links":{"self":[{"href":"https:\/\/www.pianoheritage.com\/fr\/wp-json\/wp\/v2\/product\/10182","targetHints":{"allow":["GET"]}}],"collection":[{"href":"https:\/\/www.pianoheritage.com\/fr\/wp-json\/wp\/v2\/product"}],"about":[{"href":"https:\/\/www.pianoheritage.com\/fr\/wp-json\/wp\/v2\/types\/product"}],"replies":[{"embeddable":true,"href":"https:\/\/www.pianoheritage.com\/fr\/wp-json\/wp\/v2\/comments?post=10182"}],"wp:featuredmedia":[{"embeddable":true,"href":"https:\/\/www.pianoheritage.com\/fr\/wp-json\/wp\/v2\/media\/10190"}],"wp:attachment":[{"href":"https:\/\/www.pianoheritage.com\/fr\/wp-json\/wp\/v2\/media?parent=10182"}],"wp:term":[{"taxonomy":"product_brand","embeddable":true,"href":"https:\/\/www.pianoheritage.com\/fr\/wp-json\/wp\/v2\/product_brand?post=10182"},{"taxonomy":"product_cat","embeddable":true,"href":"https:\/\/www.pianoheritage.com\/fr\/wp-json\/wp\/v2\/product_cat?post=10182"},{"taxonomy":"product_tag","embeddable":true,"href":"https:\/\/www.pianoheritage.com\/fr\/wp-json\/wp\/v2\/product_tag?post=10182"}],"curies":[{"name":"wp","href":"https:\/\/api.w.org\/{rel}","templated":true}]}}