{"id":10115,"date":"2025-04-10T09:32:16","date_gmt":"2025-04-10T13:32:16","guid":{"rendered":"https:\/\/www.pianoheritage.com\/?post_type=product&#038;p=10115"},"modified":"2025-04-10T09:41:48","modified_gmt":"2025-04-10T13:41:48","slug":"yamaha-trbx605-bass-electrique","status":"publish","type":"product","link":"https:\/\/www.pianoheritage.com\/fr\/shop\/guitares\/guitares-electriques\/yamaha-trbx605-bass-electrique\/","title":{"rendered":"Yamaha TRBX605 Bass \u00c9lectrique"},"content":{"rendered":"<div class=\"us-conversion-detail-left band-white\">\n<p>La TRBX600 est un parfait \u00e9quilibre entre les \u00e9l\u00e9ments. Le son percutant d&rsquo;un corps en aulne et \u00e9rable lamin\u00e9 sculpt\u00e9 en 3D, l&rsquo;\u00e9l\u00e9gance intemporelle d&rsquo;une table en \u00e9rable flamm\u00e9, la puissance du pr\u00e9ampli actif\/passif 3 bandes Yamaha et la jouabilit\u00e9 de notre manche de basse le plus fin. Tout ce dont vous avez besoin, exactement comme vous en avez besoin.<\/p>\n<p>Version 5 cordes de la s\u00e9rie TRBX600<\/p>\n<p>Corps en aulne\/\u00e9rable<br \/>\nTable en \u00e9rable flamm\u00e9<br \/>\nManche 5 pi\u00e8ces en \u00e9rable\/acajou<br \/>\nSillet fin de 43 mm<br \/>\n\u00c9galiseur actif 3 bandes avec pr\u00e9ampli actif\/passif<br \/>\nVoyant d&rsquo;alerte de batterie<\/p>\n<\/div>\n","protected":false},"excerpt":{"rendered":"<p>Version 5 cordes de la s\u00e9rie TRBX600<\/p>\n<p>La TRBX600 est un parfait \u00e9quilibre entre les \u00e9l\u00e9ments. Le son percutant d&rsquo;un corps en aulne et \u00e9rable lamin\u00e9 sculpt\u00e9 en 3D, l&rsquo;\u00e9l\u00e9gance intemporelle d&rsquo;une table en \u00e9rable flamm\u00e9, la puissance du pr\u00e9ampli actif\/passif 3 bandes Yamaha et la jouabilit\u00e9 de notre manche de basse le plus fin. Tout ce dont vous avez besoin, exactement comme vous en avez besoin.<\/p>\n","protected":false},"featured_media":10123,"comment_status":"open","ping_status":"closed","template":"","meta":{"jetpack_publicize_message":"","jetpack_publicize_feature_enabled":true,"jetpack_social_post_already_shared":true,"jetpack_social_options":{"image_generator_settings":{"template":"highway","default_image_id":0,"font":"","enabled":false},"version":2}},"product_brand":[],"product_cat":[55],"product_tag":[922,931,935],"class_list":{"0":"post-10115","1":"product","2":"type-product","3":"status-publish","4":"has-post-thumbnail","6":"product_cat-guitares-electriques","7":"product_tag-trbx504-fr","8":"product_tag-trbx604-fr","9":"product_tag-trbx605-fr","11":"first","12":"instock","13":"taxable","14":"shipping-taxable","15":"purchasable","16":"product-type-variable"},"jetpack_publicize_connections":[],"jetpack_sharing_enabled":true,"_links":{"self":[{"href":"https:\/\/www.pianoheritage.com\/fr\/wp-json\/wp\/v2\/product\/10115","targetHints":{"allow":["GET"]}}],"collection":[{"href":"https:\/\/www.pianoheritage.com\/fr\/wp-json\/wp\/v2\/product"}],"about":[{"href":"https:\/\/www.pianoheritage.com\/fr\/wp-json\/wp\/v2\/types\/product"}],"replies":[{"embeddable":true,"href":"https:\/\/www.pianoheritage.com\/fr\/wp-json\/wp\/v2\/comments?post=10115"}],"wp:featuredmedia":[{"embeddable":true,"href":"https:\/\/www.pianoheritage.com\/fr\/wp-json\/wp\/v2\/media\/10123"}],"wp:attachment":[{"href":"https:\/\/www.pianoheritage.com\/fr\/wp-json\/wp\/v2\/media?parent=10115"}],"wp:term":[{"taxonomy":"product_brand","embeddable":true,"href":"https:\/\/www.pianoheritage.com\/fr\/wp-json\/wp\/v2\/product_brand?post=10115"},{"taxonomy":"product_cat","embeddable":true,"href":"https:\/\/www.pianoheritage.com\/fr\/wp-json\/wp\/v2\/product_cat?post=10115"},{"taxonomy":"product_tag","embeddable":true,"href":"https:\/\/www.pianoheritage.com\/fr\/wp-json\/wp\/v2\/product_tag?post=10115"}],"curies":[{"name":"wp","href":"https:\/\/api.w.org\/{rel}","templated":true}]}}