{"id":7272,"date":"2022-05-23T11:52:09","date_gmt":"2022-05-23T16:52:09","guid":{"rendered":"https:\/\/www.pianoheritage.com\/book-an-appointment\/"},"modified":"2022-06-20T10:31:18","modified_gmt":"2022-06-20T14:31:18","slug":"prenez-rendez-vous","status":"publish","type":"page","link":"https:\/\/www.pianoheritage.com\/fr\/prenez-rendez-vous\/","title":{"rendered":"Prenez rendez-vous"},"content":{"rendered":"\n\n\t<section class=\"section\" id=\"section_397918123\">\n\t\t<div class=\"section-bg fill\" >\n\t\t\t\t\t\t\t\t\t\n\t\t\t\n\t<div class=\"is-border\"\n\t\tstyle=\"border-color:rgb(235, 235, 235);border-width:1px 0px 0px 0px;\">\n\t<\/div>\n\n\t\t<\/div>\n\n\t\t\n\n\t\t<div class=\"section-content relative\">\n\t\t\t\n\n<div class=\"row row-large align-middle align-center\"  id=\"row-399637235\">\n\n\n\t<div id=\"col-1392995419\" class=\"col medium-6 small-12 large-6\"  >\n\t\t\t\t<div class=\"col-inner text-center dark\"  >\n\t\t\t\n\t\t\t\n\n<h2>R\u00e9server un accord ou une pr\u00e9sentation<\/h2>\n<p>Nous acceptons les rendez-vous pour les pr\u00e9sentations Disklavier, les pr\u00e9sentations Bosendorfer et pour r\u00e9server un r\u00e9glage \u00e0 votre domicile. S\u00e9lectionnez un onglet ci-dessous pour r\u00e9server votre rendez-vous aujourd&rsquo;hui.<\/p>\n\n\t\t<\/div>\n\t\t\t\t\t<\/div>\n\n\t\n\n\t<div id=\"col-1756864732\" class=\"col medium-6 small-12 large-6\"  >\n\t\t\t\t<div class=\"col-inner text-left box-shadow-2 box-shadow-5-hover\" style=\"background-color:rgb(255, 255, 255);\" >\n\t\t\t\n\t\t\t\n\n\t<div class=\"img has-hover x md-x lg-x y md-y lg-y\" id=\"image_875650966\">\n\t\t\t\t\t\t\t\t<div class=\"img-inner dark\" >\n\t\t\t<img decoding=\"async\" width=\"370\" height=\"260\" src=\"https:\/\/www.pianoheritage.com\/wp-content\/uploads\/2017\/07\/musicSchool.png\" class=\"attachment-large size-large\" alt=\"\u00c9cole de musique Laval Qu\u00e9bec\" \/>\t\t\t\t\t\t\n\t\t\t\t\t<\/div>\n\t\t\t\t\t\t\t\t\n<style>\n#image_875650966 {\n  width: 100%;\n}\n<\/style>\n\t<\/div>\n\t\n\n\n\t\t<\/div>\n\t\t\t\t\n<style>\n#col-1756864732 > .col-inner {\n  padding: 15px 15px 15px 15px;\n}\n<\/style>\n\t<\/div>\n\n\t\n\n<\/div>\n\n\t\t<\/div>\n\n\t\t\n<style>\n#section_397918123 {\n  padding-top: 59px;\n  padding-bottom: 59px;\n  min-height: 300px;\n  background-color: #4b1e78;\n}\n<\/style>\n\t<\/section>\n\t\n\t<div id=\"gap-454187124\" class=\"gap-element clearfix\" style=\"display:block; height:auto;\">\n\t\t\n<style>\n#gap-454187124 {\n  padding-top: 30px;\n}\n<\/style>\n\t<\/div>\n\t\n\n\n\t\t<div class=\"tabbed-content\">\n\t\t\t<h4 class=\"uppercase text-left\">R\u00e9servez votre rendez-vous ci-dessous<\/h4>\n\t\t\t<ul class=\"nav nav-tabs nav-uppercase nav-size-small nav-left\" role=\"tablist\"><li id=\"tab-pr\u00e9sentation-disklavier\" class=\"tab active has-icon\" role=\"presentation\"><a href=\"#tab_pr\u00e9sentation-disklavier\" role=\"tab\" aria-selected=\"true\" aria-controls=\"tab_pr\u00e9sentation-disklavier\"><span>Pr\u00e9sentation Disklavier<\/span><\/a><\/li>\n<li id=\"tab-pr\u00e9sentation-bosendorfer\" class=\"tab has-icon\" role=\"presentation\"><a href=\"#tab_pr\u00e9sentation-bosendorfer\" tabindex=\"-1\" role=\"tab\" aria-selected=\"false\" aria-controls=\"tab_pr\u00e9sentation-bosendorfer\"><span>Pr\u00e9sentation Bosendorfer<\/span><\/a><\/li>\n<li id=\"tab-r\u00e9server-un-accord\" class=\"tab has-icon\" role=\"presentation\"><a href=\"#tab_r\u00e9server-un-accord\" tabindex=\"-1\" role=\"tab\" aria-selected=\"false\" aria-controls=\"tab_r\u00e9server-un-accord\"><span>R\u00e9server un accord<\/span><\/a><\/li><\/ul><div class=\"tab-panels\"><div id=\"tab_pr\u00e9sentation-disklavier\" class=\"panel active entry-content\" role=\"tabpanel\" aria-labelledby=\"tab-pr\u00e9sentation-disklavier\">\n\n<div class=\"row align-middle\"  id=\"row-1556443363\">\n\n\n\t<div id=\"col-1613913258\" class=\"col small-12 large-12\"  >\n\t\t\t\t<div class=\"col-inner\"  >\n\t\t\t\n\t\t\t\n\n<p>Les d\u00e9tails des principales caract\u00e9ristiques et sp\u00e9cifications des pianos seront pass\u00e9s en revue.<\/p>\n\n<div class=\"container section-title-container\" ><h3 class=\"section-title section-title-normal\"><b aria-hidden=\"true\"><\/b><span class=\"section-title-main\" style=\"color:rgb(75, 30, 120);\">Disklavier Presentation<\/span><b aria-hidden=\"true\"><\/b><\/h3><\/div>\n\n[bookly-form category_id=\u00a0\u00bb-1&Prime; service_id=\u00a0\u00bb1&Prime; staff_member_id=\u00a0\u00bb3&Prime; hide=\u00a0\u00bbcategories,time_range\u00a0\u00bb]\n\n\t\t<\/div>\n\t\t\t\t\t<\/div>\n\n\t\n\n<\/div>\n\n<\/div>\n<div id=\"tab_pr\u00e9sentation-bosendorfer\" class=\"panel entry-content\" role=\"tabpanel\" aria-labelledby=\"tab-pr\u00e9sentation-bosendorfer\">\n\n<div class=\"row align-middle\"  id=\"row-1529313100\">\n\n\n\t<div id=\"col-1962600420\" class=\"col small-12 large-12\"  >\n\t\t\t\t<div class=\"col-inner\"  >\n\t\t\t\n\t\t\t\n\n<p>Les d\u00e9tails des principales caract\u00e9ristiques et sp\u00e9cifications des pianos seront pass\u00e9s en revue.<\/p>\n\n[bookly-form category_id=\u00a0\u00bb-1&Prime; service_id=\u00a0\u00bb2&Prime; staff_member_id=\u00a0\u00bb3&Prime; hide=\u00a0\u00bbcategories,date,week_days,time_range\u00a0\u00bb]\n\n\t\t<\/div>\n\t\t\t\t\t<\/div>\n\n\t\n\n<\/div>\n\n<\/div>\n<div id=\"tab_r\u00e9server-un-accord\" class=\"panel entry-content\" role=\"tabpanel\" aria-labelledby=\"tab-r\u00e9server-un-accord\">\n\n<div class=\"row align-middle\"  id=\"row-306005264\">\n\n\n\t<div id=\"col-942495724\" class=\"col small-12 large-12\"  >\n\t\t\t\t<div class=\"col-inner\"  >\n\t\t\t\n\t\t\t\n\n<p>R\u00e9servez un tuning \u00e0 votre domicile. Conditions : un pr\u00e9avis de 2 semaines est requis et nous vous appellerons pour confirmer les d\u00e9tails avec la date et l&rsquo;heure du rendez-vous dans les 3 jours ouvrables suivant l&rsquo;achat du r\u00e9glage. Le prix HT pour un seul accordage est de 219,99 $. Remplissez le formulaire ci-dessous pour s\u00e9lectionner la date et l&rsquo;heure de votre choix.<\/p>\n[bookly-form category_id=\u00a0\u00bb-1&Prime; service_id=\u00a0\u00bb3&Prime; hide=\u00a0\u00bbcategories\u00a0\u00bb]\n\n\t\t<\/div>\n\t\t\t\t\t<\/div>\n\n\t\n\n<\/div>\n\n<\/div><\/div><\/div>\n\t<div id=\"gap-1743140255\" class=\"gap-element clearfix\" style=\"display:block; height:auto;\">\n\t\t\n<style>\n#gap-1743140255 {\n  padding-top: 30px;\n}\n<\/style>\n\t<\/div>\n\t\n\n\n","protected":false},"excerpt":{"rendered":"","protected":false},"author":11,"featured_media":0,"parent":0,"menu_order":0,"comment_status":"closed","ping_status":"closed","template":"page-right-sidebar.php","meta":{"footnotes":""},"class_list":["post-7272","page","type-page","status-publish","hentry"],"jetpack_sharing_enabled":true,"jetpack_shortlink":"https:\/\/wp.me\/P9SXGg-1Ti","_links":{"self":[{"href":"https:\/\/www.pianoheritage.com\/fr\/wp-json\/wp\/v2\/pages\/7272","targetHints":{"allow":["GET"]}}],"collection":[{"href":"https:\/\/www.pianoheritage.com\/fr\/wp-json\/wp\/v2\/pages"}],"about":[{"href":"https:\/\/www.pianoheritage.com\/fr\/wp-json\/wp\/v2\/types\/page"}],"author":[{"embeddable":true,"href":"https:\/\/www.pianoheritage.com\/fr\/wp-json\/wp\/v2\/users\/11"}],"replies":[{"embeddable":true,"href":"https:\/\/www.pianoheritage.com\/fr\/wp-json\/wp\/v2\/comments?post=7272"}],"version-history":[{"count":10,"href":"https:\/\/www.pianoheritage.com\/fr\/wp-json\/wp\/v2\/pages\/7272\/revisions"}],"predecessor-version":[{"id":7337,"href":"https:\/\/www.pianoheritage.com\/fr\/wp-json\/wp\/v2\/pages\/7272\/revisions\/7337"}],"wp:attachment":[{"href":"https:\/\/www.pianoheritage.com\/fr\/wp-json\/wp\/v2\/media?parent=7272"}],"curies":[{"name":"wp","href":"https:\/\/api.w.org\/{rel}","templated":true}]}}