{"id":621,"date":"2018-04-04T17:07:16","date_gmt":"2018-04-04T17:07:16","guid":{"rendered":"https:\/\/www.pianoheritage.com\/return-policy\/"},"modified":"2018-04-04T17:08:47","modified_gmt":"2018-04-04T17:08:47","slug":"politique-de-retour","status":"publish","type":"page","link":"https:\/\/www.pianoheritage.com\/fr\/politique-de-retour\/","title":{"rendered":"Politique de retour"},"content":{"rendered":"<h3>1. Retours<\/h3>\n<p>Nous acceptons les retours. Vous pouvez retourner les articles non ouverts, dans l\u2019emballage original, dans les 30 jours suivant l\u2019achat, si vous pr\u00e9sentez votre re\u00e7u ou une preuve d\u2019achat. Si 30 jours ou plus se sont \u00e9coul\u00e9s depuis la date de votre achat, nous ne pouvons pas vous offrir un remboursement ni un \u00e9change.<\/p>\n<p>Quand nous aurons re\u00e7u le produit retourn\u00e9, nous l&rsquo;examinerons attentivement et nous vous indiquerons par courriel, dans un d\u00e9lai raisonnable, si vous avez droit \u00e0 un remboursement. Si vous y avez droit, nous rembourserons le prix d\u2019achat selon le mode de paiement original.<\/p>\n<p>Seuls les articles au prix courant peuvent \u00eatre rembours\u00e9s. Les articles vendus \u00e0 prix r\u00e9duit ne sont pas remboursables.<\/p>\n<p>Pour conna\u00eetre l\u2019\u00e9tat de votre demande de remboursement, veuillez communiquer avec nous au (450) 688-3080.<\/p>\n<h3>2. \u00c9changes<\/h3>\n<p>Nous n\u2019\u00e9changeons que les biens d\u00e9fectueux ou endommag\u00e9s. Si jamais vous pensez qu\u2019un produit est d\u00e9fectueux, vous devriez communiquer sans attendre avec nous au (450) 688-3080 et nous fournir les d\u00e9tails du produit et de sa d\u00e9fectuosit\u00e9. Vous pouvez envoyer l\u2019article que vous consid\u00e9rez comme d\u00e9fectueux \u00e0 l\u2019adresse suivante :<\/p>\n<p>Piano H\u00e9ritage, inc.<br \/> 5030 Boul Samson<br \/> Laval, QC H7W 2J1<br \/> &nbsp;<\/p>\n<p>Quand nous aurons re\u00e7u le produit retourn\u00e9, nous l&rsquo;examinerons attentivement et nous vous indiquerons par courriel, dans un d\u00e9lai raisonnable, si sa d\u00e9fectuosit\u00e9 vous donne droit \u00e0 un remplacement. Le cas \u00e9ch\u00e9ant, nous vous enverrons un produit de remplacement.<\/p>\n<h3>3. Exceptions<\/h3>\n<p>Certains articles ne sont ni remboursables, ni \u00e9changeables.&nbsp;<\/p>\n<h3>4. Exp\u00e9dition<\/h3>\n<p>Veuillez envoyer l\u2019article que vous avez achet\u00e9 et que vous voulez retourner \u00e0 l\u2019adresse suivante :<\/p>\n<p>Piano H\u00e9ritage, inc.<br \/> 5030 Boul Samson<br \/> Laval, QC H7W 2J1<br \/> &nbsp;<\/p>\n<p>Les remboursements ne couvrent pas les frais d\u2019exp\u00e9dition et de manutention qui figurent sur le bordereau d\u2019emballage ou la facture. Les frais d\u2019exp\u00e9dition pour tous les retours doivent \u00eatre pay\u00e9s \u00e0 l\u2019avance, et vous devez aussi assumer les frais d\u2019assurance. Vous \u00eates responsable de toute perte et de tout dommage \u00e0 l\u2019\u00e9quipement qui surviendrait pendant l\u2019exp\u00e9dition. Nous ne pouvons pas garantir que nous recevrons l\u2019article que vous retournez. Les frais d&rsquo;exp\u00e9dition et de manutention ne sont pas remboursables. Les montants rembours\u00e9s n\u2019incluront donc pas le co\u00fbt de la livraison.<\/p>\n","protected":false},"excerpt":{"rendered":"<p>1. Retours Nous acceptons les retours. Vous pouvez retourner les articles non ouverts, dans l\u2019emballage original, dans les 30 jours suivant l\u2019achat, si vous pr\u00e9sentez votre re\u00e7u ou une preuve d\u2019achat. Si 30 jours ou plus se sont \u00e9coul\u00e9s depuis la date de votre achat, nous ne pouvons pas vous offrir un remboursement ni un [&#8230;]\n","protected":false},"author":1,"featured_media":0,"parent":0,"menu_order":0,"comment_status":"closed","ping_status":"closed","template":"","meta":{"footnotes":""},"class_list":["post-621","page","type-page","status-publish","hentry"],"jetpack_sharing_enabled":true,"jetpack_shortlink":"https:\/\/wp.me\/P9SXGg-a1","_links":{"self":[{"href":"https:\/\/www.pianoheritage.com\/fr\/wp-json\/wp\/v2\/pages\/621","targetHints":{"allow":["GET"]}}],"collection":[{"href":"https:\/\/www.pianoheritage.com\/fr\/wp-json\/wp\/v2\/pages"}],"about":[{"href":"https:\/\/www.pianoheritage.com\/fr\/wp-json\/wp\/v2\/types\/page"}],"author":[{"embeddable":true,"href":"https:\/\/www.pianoheritage.com\/fr\/wp-json\/wp\/v2\/users\/1"}],"replies":[{"embeddable":true,"href":"https:\/\/www.pianoheritage.com\/fr\/wp-json\/wp\/v2\/comments?post=621"}],"version-history":[{"count":0,"href":"https:\/\/www.pianoheritage.com\/fr\/wp-json\/wp\/v2\/pages\/621\/revisions"}],"wp:attachment":[{"href":"https:\/\/www.pianoheritage.com\/fr\/wp-json\/wp\/v2\/media?parent=621"}],"curies":[{"name":"wp","href":"https:\/\/api.w.org\/{rel}","templated":true}]}}