{"id":607,"date":"2018-04-04T16:54:28","date_gmt":"2018-04-04T16:54:28","guid":{"rendered":"https:\/\/www.pianoheritage.com\/privacy-policy\/"},"modified":"2018-04-04T16:56:47","modified_gmt":"2018-04-04T16:56:47","slug":"politique-de-confidentialite","status":"publish","type":"page","link":"https:\/\/www.pianoheritage.com\/fr\/politique-de-confidentialite\/","title":{"rendered":"Politique de confidentialit\u00e9"},"content":{"rendered":"<p>Nous nous engageons \u00e0 pr\u00e9server l\u2019exactitude, la confidentialit\u00e9 et la s\u00e9curit\u00e9 de vos renseignements identifiables personnels (\u00ab\u00a0renseignements personnels\u00a0\u00bb). Fid\u00e8les \u00e0 cet engagement, nous agissons conform\u00e9ment \u00e0 notre politique de confidentialit\u00e9 en ce qui concerne la cueillette, l&rsquo;utilisation et la divulgation de renseignements personnels. Notre politique de confidentialit\u00e9 est fond\u00e9e sur les valeurs d\u00e9finies par le Code type sur la protection des renseignements personnels de l\u2019Association canadienne de normalisation et la Loi sur la protection des renseignements personnels et les documents \u00e9lectroniques du Canada.<\/p>\n<h3>1. Introduction<\/h3>\n<p>Nous sommes responsables de la pr\u00e9servation et de la protection des renseignements personnels que nous d\u00e9tenons. Nous avons nomm\u00e9 une ou plusieurs personnes dont la responsabilit\u00e9 est d\u2019assurer le respect de notre politique de confidentialit\u00e9.<\/p>\n<h3>2. D\u00e9finition des objectifs<\/h3>\n<p>Nous recueillons, utilisons et divulguons des renseignements personnels afin de vous fournir le produit ou le service que vous avez demand\u00e9 et de vous offrir d\u2019autres produits et services qui pourraient, selon nous, vous int\u00e9resser. Les raisons pour lesquelles nous recueillons des renseignements personnels seront \u00e9nonc\u00e9es avant ou pendant le processus de cueillette. Dans certains cas, l\u2019objectif de cette cueillette de renseignements sera \u00e9vident, et le consentement pourra \u00eatre implicite. C\u2019est le cas, par exemple, quand nous vous demandons votre nom, votre adresse et les donn\u00e9es relatives au paiement dans le cadre du processus de commande.<\/p>\n<h3>3. Consentement<\/h3>\n<p>Votre connaissance et votre consentement sont essentiels pour qu\u2019il y ait cueillette, utilisation ou divulgation de vos renseignements personnels, sauf si la loi l\u2019exige ou l\u2019autorise. Vous avez toujours le choix de nous fournir ou non vos renseignements personnels. Toutefois, votre d\u00e9cision de ne pas nous transmettre certains renseignements pourrait nous emp\u00eacher de vous fournir nos produits ou nos services. Nous n\u2019exigerons pas que vous consentiez \u00e0 la cueillette, \u00e0 l\u2019utilisation ou \u00e0 la divulgation de renseignements comme condition \u00e0 la fourniture d\u2019un produit ou d\u2019un service, sauf si nous avons besoin de ces renseignements pour pouvoir vous fournir le produit ou le service.<\/p>\n<h3>4. Restrictions en mati\u00e8re de cueillette de renseignements<\/h3>\n<p>Les renseignements personnels que nous recueillons se limiteront aux d\u00e9tails n\u00e9cessaires aux fins que nous avons d\u00e9finies. Avec votre consentement, nous pouvons recueillir des renseignements personnels aupr\u00e8s de vous en personne, par t\u00e9l\u00e9phone, par courrier, par t\u00e9l\u00e9copieur ou par Internet.<\/p>\n<h3>5. Limitation en mati\u00e8re d\u2019utilisation, de divulgation et de conservation<\/h3>\n<p>Les renseignements personnels ne peuvent \u00eatre utilis\u00e9s ou divulgu\u00e9s \u00e0 d\u2019autres fins qu\u2019\u00e0 celles pour lesquelles ils ont \u00e9t\u00e9 recueillis, sauf si vous avez accept\u00e9 qu\u2019ils le soient ou si la loi l&rsquo;exige ou l&rsquo;autorise. Les renseignements personnels ne seront conserv\u00e9s que pendant la p\u00e9riode n\u00e9cessaire aux fins pour lesquelles ils ont \u00e9t\u00e9 recueillis, ou pendant la p\u00e9riode requise par la loi.<\/p>\n<h3>6. Exactitude<\/h3>\n<p>Vos renseignements personnels seront conserv\u00e9s sous la forme la plus pr\u00e9cise, compl\u00e8te et \u00e0 jour n\u00e9cessaire aux fins pour lesquelles ils doivent servir.<\/p>\n<h3>7. Protection des renseignements sur les clients<\/h3>\n<p>Les renseignements personnels seront prot\u00e9g\u00e9s par des mesures de s\u00e9curit\u00e9 adapt\u00e9es au niveau de sensibilit\u00e9 de ces renseignements. Nous prenons toutes les pr\u00e9cautions raisonnables afin de prot\u00e9ger vos renseignements personnels contre toute perte et contre l\u2019utilisation, l\u2019acc\u00e8s et la divulgation non autoris\u00e9s.<\/p>\n<h3>8. Transparence<\/h3>\n<p>Nous vous donnerons acc\u00e8s \u00e0 de l\u2019information sur nos politiques et nos pratiques en mati\u00e8re de gestion de vos renseignements personnels.<\/p>\n<h3>9. Acc\u00e8s de l\u2019utilisateur<\/h3>\n<p>Vous serez inform\u00e9 sur demande de l\u2019existence, de l&rsquo;utilisation et de la divulgation de vos renseignements personnels, et vous pourrez y avoir acc\u00e8s. Vous pouvez v\u00e9rifier l\u2019exactitude et l\u2019exhaustivit\u00e9 de vos renseignements personnels et vous pouvez demander qu\u2019ils soient modifi\u00e9s, s&rsquo;il y a lieu. Dans certains cas o\u00f9 la loi l\u2019autorise, toutefois, nous ne vous communiquerons pas certains renseignements. Par exemple, nous pouvons ne pas divulguer des renseignements \u00e0 votre sujet s\u2019ils concernent \u00e9galement d\u2019autres personnes ou s&rsquo;ils font l\u2019objet de restrictions juridiques ou li\u00e9es \u00e0 la s\u00e9curit\u00e9, ou encore s\u2019il s\u2019agit d&rsquo;information commerciale de nature exclusive.<\/p>\n<h3>10. Traitement des plaintes et des suggestions des clients<\/h3>\n<p>Vous pouvez nous envoyer vos questions ou vos demandes au sujet de notre politique de confidentialit\u00e9 ou de nos pratiques en utilisant les coordonn\u00e9es suivantes :<\/p>\n<p>Piano H\u00e9ritage, inc.<br \/> 5030 Boul Samson<br \/> Laval, QC H7W 2J1<br \/> (450) 688-3080<br \/> info@pianoheritage.com<br \/> &nbsp;<\/p>\n<h3>Information suppl\u00e9mentaire<\/h3>\n<h4>T\u00e9moins<\/h4>\n<p>Un t\u00e9moin est un petit fichier informatique ou un \u00e9l\u00e9ment d\u2019information qui peut \u00eatre enregistr\u00e9 sur le disque dur de votre ordinateur quand vous visitez nos sites Web. Nous pouvons utiliser ces t\u00e9moins pour am\u00e9liorer les fonctions de notre site Web et, dans certains cas, pour fournir une exp\u00e9rience en ligne personnalis\u00e9e aux visiteurs.<\/p>\n<p>Les t\u00e9moins sont couramment utilis\u00e9s et la plupart des navigateurs Web sont configur\u00e9s par d\u00e9faut pour les accepter automatiquement. Vous pouvez modifier les param\u00e8tres de votre navigateur Internet afin d\u2019emp\u00eacher votre ordinateur d\u2019accepter les t\u00e9moins ou d\u2019\u00eatre avis\u00e9 quand vous recevez un t\u00e9moin, pour vous permettre de le refuser. Veuillez noter toutefois que si vous d\u00e9sactivez les t\u00e9moins, vous pourriez ne pas profiter de la performance optimale de notre site Web.<\/p>\n<h4>Autres sites Web<\/h4>\n<p>Notre site Web peut contenir des liens menant \u00e0 des sites tiers qui ne sont pas r\u00e9gis par cette politique de confidentialit\u00e9. Bien que nous nous efforcions de n\u2019inclure que des liens vers des sites ayant des normes \u00e9lev\u00e9es en mati\u00e8re de protection des renseignements personnels, notre politique de confidentialit\u00e9 ne s&rsquo;applique plus quand vous quittez notre site Web. De plus, nous ne sommes pas responsables des pratiques de confidentialit\u00e9 adopt\u00e9es par les sites Web tiers. Nous vous conseillons donc d\u2019examiner les \u00e9nonc\u00e9s de confidentialit\u00e9 de ces sites afin de savoir comment vos renseignements seront recueillis, utilis\u00e9s, partag\u00e9s et divulgu\u00e9s.<\/p>\n","protected":false},"excerpt":{"rendered":"<p>Nous nous engageons \u00e0 pr\u00e9server l\u2019exactitude, la confidentialit\u00e9 et la s\u00e9curit\u00e9 de vos renseignements identifiables personnels (\u00ab\u00a0renseignements personnels\u00a0\u00bb). Fid\u00e8les \u00e0 cet engagement, nous agissons conform\u00e9ment \u00e0 notre politique de confidentialit\u00e9 en ce qui concerne la cueillette, l&rsquo;utilisation et la divulgation de renseignements personnels. Notre politique de confidentialit\u00e9 est fond\u00e9e sur les valeurs d\u00e9finies par le [&#8230;]\n","protected":false},"author":1,"featured_media":0,"parent":0,"menu_order":0,"comment_status":"closed","ping_status":"closed","template":"","meta":{"footnotes":""},"class_list":["post-607","page","type-page","status-publish","hentry"],"jetpack_sharing_enabled":true,"jetpack_shortlink":"https:\/\/wp.me\/P9SXGg-9N","_links":{"self":[{"href":"https:\/\/www.pianoheritage.com\/fr\/wp-json\/wp\/v2\/pages\/607","targetHints":{"allow":["GET"]}}],"collection":[{"href":"https:\/\/www.pianoheritage.com\/fr\/wp-json\/wp\/v2\/pages"}],"about":[{"href":"https:\/\/www.pianoheritage.com\/fr\/wp-json\/wp\/v2\/types\/page"}],"author":[{"embeddable":true,"href":"https:\/\/www.pianoheritage.com\/fr\/wp-json\/wp\/v2\/users\/1"}],"replies":[{"embeddable":true,"href":"https:\/\/www.pianoheritage.com\/fr\/wp-json\/wp\/v2\/comments?post=607"}],"version-history":[{"count":0,"href":"https:\/\/www.pianoheritage.com\/fr\/wp-json\/wp\/v2\/pages\/607\/revisions"}],"wp:attachment":[{"href":"https:\/\/www.pianoheritage.com\/fr\/wp-json\/wp\/v2\/media?parent=607"}],"curies":[{"name":"wp","href":"https:\/\/api.w.org\/{rel}","templated":true}]}}