{"id":1372,"date":"2018-04-25T00:41:43","date_gmt":"2018-04-25T00:41:43","guid":{"rendered":"https:\/\/www.pianoheritage.com\/piano-rentals\/"},"modified":"2021-09-19T10:40:08","modified_gmt":"2021-09-19T14:40:08","slug":"piano-rentals","status":"publish","type":"page","link":"https:\/\/www.pianoheritage.com\/fr\/piano-rentals\/","title":{"rendered":"Pianos offerts en location"},"content":{"rendered":"\n<div class=\"container section-title-container\" ><h3 class=\"section-title section-title-normal\"><b aria-hidden=\"true\"><\/b><span class=\"section-title-main\" >Pianos offerts en location<\/span><b aria-hidden=\"true\"><\/b><\/h3><\/div>\n\n<div class=\"row align-middle\"  id=\"row-1446053833\">\n\n\n\t<div id=\"col-376301517\" class=\"col medium-4 small-12 large-4\"  >\n\t\t\t\t<div class=\"col-inner\"  >\n\t\t\t\n\t\t\t\n\n\t<div class=\"img has-hover x md-x lg-x y md-y lg-y\" id=\"image_192802791\">\n\t\t\t\t\t\t\t\t<div class=\"img-inner dark\" >\n\t\t\t<img decoding=\"async\" width=\"300\" height=\"199\" src=\"https:\/\/www.pianoheritage.com\/wp-content\/uploads\/2018\/04\/cfii.jpg\" class=\"attachment-large size-large\" alt=\"cfii\" \/>\t\t\t\t\t\t\n\t\t\t\t\t<\/div>\n\t\t\t\t\t\t\t\t\n<style>\n#image_192802791 {\n  width: 100%;\n}\n<\/style>\n\t<\/div>\n\t\n\n\n\t\t<\/div>\n\t\t\t\t\t<\/div>\n\n\t\n\n\t<div id=\"col-1087359833\" class=\"col medium-8 small-12 large-8\"  >\n\t\t\t\t<div class=\"col-inner\"  >\n\t\t\t\n\t\t\t\n\n<div class=\"container section-title-container\" ><h3 class=\"section-title section-title-normal\"><b aria-hidden=\"true\"><\/b><span class=\"section-title-main\" >Yamaha Grand CFII<\/span><b aria-hidden=\"true\"><\/b><\/h3><\/div>\n\n<p>Ce piano est le type de piano Yamaha sur lequel Glenn Gould a enregistr\u00e9 ses quatre derniers albums dont Variations Goldberg de Bach pour lequel il s\u2019est m\u00e9rit\u00e9 le Grammy 1981.  Contactez-nous pour obtenir plus de renseignements au sujet du CFII et de la possibilit\u00e9 de location.<\/p>\n\n\n\t\t<\/div>\n\t\t\t\t\t<\/div>\n\n\t\n\n<\/div>\n<div class=\"row align-middle\"  id=\"row-1356886894\">\n\n\n\t<div id=\"col-1252495863\" class=\"col medium-4 small-12 large-4\"  >\n\t\t\t\t<div class=\"col-inner\"  >\n\t\t\t\n\t\t\t\n\n\t<div class=\"img has-hover x md-x lg-x y md-y lg-y\" id=\"image_921798852\">\n\t\t\t\t\t\t\t\t<div class=\"img-inner dark\" >\n\t\t\t<img decoding=\"async\" width=\"500\" height=\"500\" src=\"https:\/\/www.pianoheritage.com\/wp-content\/uploads\/2018\/04\/c7xpe-e1624991589331.jpg\" class=\"attachment-large size-large\" alt=\"c7x polished ebony grand piano yamaha\" srcset=\"https:\/\/www.pianoheritage.com\/wp-content\/uploads\/2018\/04\/c7xpe-e1624991589331.jpg 500w, https:\/\/www.pianoheritage.com\/wp-content\/uploads\/2018\/04\/c7xpe-e1624991589331-247x247.jpg 247w, https:\/\/www.pianoheritage.com\/wp-content\/uploads\/2018\/04\/c7xpe-e1624991589331-100x100.jpg 100w\" sizes=\"(max-width: 500px) 100vw, 500px\" \/>\t\t\t\t\t\t\n\t\t\t\t\t<\/div>\n\t\t\t\t\t\t\t\t\n<style>\n#image_921798852 {\n  width: 100%;\n}\n<\/style>\n\t<\/div>\n\t\n\n\n\t\t<\/div>\n\t\t\t\t\t<\/div>\n\n\t\n\n\t<div id=\"col-1734642221\" class=\"col medium-8 small-12 large-8\"  >\n\t\t\t\t<div class=\"col-inner\"  >\n\t\t\t\n\t\t\t\n\n<div class=\"container section-title-container\" ><h3 class=\"section-title section-title-normal\"><b aria-hidden=\"true\"><\/b><span class=\"section-title-main\" >Yamaha Grand C7<\/span><b aria-hidden=\"true\"><\/b><a href=\"\/shop\/yamaha-pianos\/grand-pianos\/yamaha-c7x\/\">Voir Yamaha Grand C7X<i class=\"icon-angle-right\" aria-hidden=\"true\"><\/i><\/a><\/h3><\/div>\n\n<p>Gr\u00e2ce au souci du d\u00e9tail de Yamaha, la r\u00e9sonance et l\u2019expression des pianos \u00e0 queue de la S\u00e9rie C ont \u00e9t\u00e9 grandement am\u00e9lior\u00e9es. Notre vaste inventaire de mod\u00e8les de la S\u00e9rie C nous permet de satisfaire les artistes les plus exigeants.  Contactez-nous pour obtenir plus de renseignements au sujet du C7 et de la possibilit\u00e9 de location.<\/p>\n\n\n\t\t<\/div>\n\t\t\t\t\t<\/div>\n\n\t\n\n<\/div>\n<div class=\"row align-middle\"  id=\"row-2033895269\">\n\n\n\t<div id=\"col-879000721\" class=\"col medium-4 small-12 large-4\"  >\n\t\t\t\t<div class=\"col-inner\"  >\n\t\t\t\n\t\t\t\n\n\t<div class=\"img has-hover x md-x lg-x y md-y lg-y\" id=\"image_1479620233\">\n\t\t\t\t\t\t\t\t<div class=\"img-inner dark\" >\n\t\t\t<img decoding=\"async\" width=\"300\" height=\"300\" src=\"https:\/\/www.pianoheritage.com\/wp-content\/uploads\/2018\/04\/c6x.jpg\" class=\"attachment-large size-large\" alt=\"Yamaha C6X\" srcset=\"https:\/\/www.pianoheritage.com\/wp-content\/uploads\/2018\/04\/c6x.jpg 300w, https:\/\/www.pianoheritage.com\/wp-content\/uploads\/2018\/04\/c6x-247x247.jpg 247w, https:\/\/www.pianoheritage.com\/wp-content\/uploads\/2018\/04\/c6x-100x100.jpg 100w, https:\/\/www.pianoheritage.com\/wp-content\/uploads\/2018\/04\/c6x-150x150.jpg 150w\" sizes=\"(max-width: 300px) 100vw, 300px\" \/>\t\t\t\t\t\t\n\t\t\t\t\t<\/div>\n\t\t\t\t\t\t\t\t\n<style>\n#image_1479620233 {\n  width: 100%;\n}\n<\/style>\n\t<\/div>\n\t\n\n\n\t\t<\/div>\n\t\t\t\t\t<\/div>\n\n\t\n\n\t<div id=\"col-797425125\" class=\"col medium-8 small-12 large-8\"  >\n\t\t\t\t<div class=\"col-inner\"  >\n\t\t\t\n\t\t\t\n\n<div class=\"container section-title-container\" ><h3 class=\"section-title section-title-normal\"><b aria-hidden=\"true\"><\/b><span class=\"section-title-main\" >Yamaha Grand C6<\/span><b aria-hidden=\"true\"><\/b><a href=\"\/shop\/yamaha-pianos\/grand-pianos\/yamaha-c6x\/\">Voir Yamaha Grand C6X<i class=\"icon-angle-right\" aria-hidden=\"true\"><\/i><\/a><\/h3><\/div>\n\n<p>Composition harmonique exceptionnelle et amplitude de volume combin\u00e9es \u00e0 un vaste registre dynamique constituent une exp\u00e9rience que seul un piano \u00e0 queue de cette taille peut vous donner.  Contactez-nous pour obtenir plus de renseignements au sujet du C6 et de la possibilit\u00e9 de location.<\/p>\n\n\n\t\t<\/div>\n\t\t\t\t\t<\/div>\n\n\t\n\n<\/div>\n<div class=\"row align-middle\"  id=\"row-1146756605\">\n\n\n\t<div id=\"col-2117351498\" class=\"col medium-4 small-12 large-4\"  >\n\t\t\t\t<div class=\"col-inner\"  >\n\t\t\t\n\t\t\t\n\n\t<div class=\"img has-hover x md-x lg-x y md-y lg-y\" id=\"image_858470214\">\n\t\t\t\t\t\t\t\t<div class=\"img-inner dark\" >\n\t\t\t<img decoding=\"async\" width=\"300\" height=\"300\" src=\"https:\/\/www.pianoheritage.com\/wp-content\/uploads\/2018\/04\/c3x.jpg\" class=\"attachment-large size-large\" alt=\"Yamaha C3X\" srcset=\"https:\/\/www.pianoheritage.com\/wp-content\/uploads\/2018\/04\/c3x.jpg 300w, https:\/\/www.pianoheritage.com\/wp-content\/uploads\/2018\/04\/c3x-247x247.jpg 247w, https:\/\/www.pianoheritage.com\/wp-content\/uploads\/2018\/04\/c3x-100x100.jpg 100w, https:\/\/www.pianoheritage.com\/wp-content\/uploads\/2018\/04\/c3x-150x150.jpg 150w\" sizes=\"(max-width: 300px) 100vw, 300px\" \/>\t\t\t\t\t\t\n\t\t\t\t\t<\/div>\n\t\t\t\t\t\t\t\t\n<style>\n#image_858470214 {\n  width: 100%;\n}\n<\/style>\n\t<\/div>\n\t\n\n\n\t\t<\/div>\n\t\t\t\t\t<\/div>\n\n\t\n\n\t<div id=\"col-288243365\" class=\"col medium-8 small-12 large-8\"  >\n\t\t\t\t<div class=\"col-inner\"  >\n\t\t\t\n\t\t\t\n\n<div class=\"container section-title-container\" ><h3 class=\"section-title section-title-normal\"><b aria-hidden=\"true\"><\/b><span class=\"section-title-main\" >Yamaha Grand c3<\/span><b aria-hidden=\"true\"><\/b><a href=\"\/shop\/yamaha-pianos\/grand-pianos\/yamaha-c3x\/\">Voir Yamaha Grand C3X<i class=\"icon-angle-right\" aria-hidden=\"true\"><\/i><\/a><\/h3><\/div>\n\n<p>Une r\u00e9verb\u00e9ration transparente et des harmoniques exub\u00e9rantes permettent au C3 de r\u00e9pondre aux exigences rigoureuses des artistes professionnels pour un contr\u00f4le subtil de l\u2019expression.  Contactez-nous pour obtenir plus de renseignements au sujet du C3 et de la possibilit\u00e9 de location.<\/p>\n\n\n\t\t<\/div>\n\t\t\t\t\t<\/div>\n\n\t\n\n<\/div>\n<div class=\"row align-middle\"  id=\"row-1736847051\">\n\n\n\t<div id=\"col-1889679601\" class=\"col medium-4 small-12 large-4\"  >\n\t\t\t\t<div class=\"col-inner\"  >\n\t\t\t\n\t\t\t\n\n\t<div class=\"img has-hover x md-x lg-x y md-y lg-y\" id=\"image_233659468\">\n\t\t\t\t\t\t\t\t<div class=\"img-inner dark\" >\n\t\t\t<img decoding=\"async\" width=\"300\" height=\"300\" src=\"https:\/\/www.pianoheritage.com\/wp-content\/uploads\/2018\/04\/c2x.jpg\" class=\"attachment-large size-large\" alt=\"Yamaha C2X\" srcset=\"https:\/\/www.pianoheritage.com\/wp-content\/uploads\/2018\/04\/c2x.jpg 300w, https:\/\/www.pianoheritage.com\/wp-content\/uploads\/2018\/04\/c2x-247x247.jpg 247w, https:\/\/www.pianoheritage.com\/wp-content\/uploads\/2018\/04\/c2x-100x100.jpg 100w\" sizes=\"(max-width: 300px) 100vw, 300px\" \/>\t\t\t\t\t\t\n\t\t\t\t\t<\/div>\n\t\t\t\t\t\t\t\t\n<style>\n#image_233659468 {\n  width: 100%;\n}\n<\/style>\n\t<\/div>\n\t\n\n\n\t\t<\/div>\n\t\t\t\t\t<\/div>\n\n\t\n\n\t<div id=\"col-211982563\" class=\"col medium-8 small-12 large-8\"  >\n\t\t\t\t<div class=\"col-inner\"  >\n\t\t\t\n\t\t\t\n\n<div class=\"container section-title-container\" ><h3 class=\"section-title section-title-normal\"><b aria-hidden=\"true\"><\/b><span class=\"section-title-main\" >Yamaha Grand C2<\/span><b aria-hidden=\"true\"><\/b><a href=\"\/shop\/yamaha-pianos\/grand-pianos\/yamaha-c2x\/\">Voir Yamaha Grand C2X<i class=\"icon-angle-right\" aria-hidden=\"true\"><\/i><\/a><\/h3><\/div>\n\n<p>Clavier d\u2019Ivorite\u00ae et de bois composite. Malgr\u00e9 ses dimensions compactes, le C2 produit une sonorit\u00e9 magnifique et profonde.  Contactez-nous pour obtenir plus de renseignements au sujet du C2 et de la possibilit\u00e9 de location.<\/p>\n\n\n\t\t<\/div>\n\t\t\t\t\t<\/div>\n\n\t\n\n<\/div>\n<div class=\"row align-middle\"  id=\"row-1754108875\">\n\n\n\t<div id=\"col-1617085440\" class=\"col medium-4 small-12 large-4\"  >\n\t\t\t\t<div class=\"col-inner\"  >\n\t\t\t\n\t\t\t\n\n\t<div class=\"img has-hover x md-x lg-x y md-y lg-y\" id=\"image_817103766\">\n\t\t\t\t\t\t\t\t<div class=\"img-inner dark\" >\n\t\t\t<img decoding=\"async\" width=\"300\" height=\"300\" src=\"https:\/\/www.pianoheritage.com\/wp-content\/uploads\/2018\/04\/c1x.jpg\" class=\"attachment-large size-large\" alt=\"Yamaha C1X\" srcset=\"https:\/\/www.pianoheritage.com\/wp-content\/uploads\/2018\/04\/c1x.jpg 300w, https:\/\/www.pianoheritage.com\/wp-content\/uploads\/2018\/04\/c1x-247x247.jpg 247w, https:\/\/www.pianoheritage.com\/wp-content\/uploads\/2018\/04\/c1x-100x100.jpg 100w\" sizes=\"(max-width: 300px) 100vw, 300px\" \/>\t\t\t\t\t\t\n\t\t\t\t\t<\/div>\n\t\t\t\t\t\t\t\t\n<style>\n#image_817103766 {\n  width: 100%;\n}\n<\/style>\n\t<\/div>\n\t\n\n\n\t\t<\/div>\n\t\t\t\t\t<\/div>\n\n\t\n\n\t<div id=\"col-747883091\" class=\"col medium-8 small-12 large-8\"  >\n\t\t\t\t<div class=\"col-inner\"  >\n\t\t\t\n\t\t\t\n\n<div class=\"container section-title-container\" ><h3 class=\"section-title section-title-normal\"><b aria-hidden=\"true\"><\/b><span class=\"section-title-main\" >Yamaha Grand C1<\/span><b aria-hidden=\"true\"><\/b><a href=\"\/shop\/yamaha-pianos\/grand-pianos\/yamaha-c1x\/\">Voir Yamaha Grand C1X<i class=\"icon-angle-right\" aria-hidden=\"true\"><\/i><\/a><\/h3><\/div>\n\n<p>Les touches, fabriqu\u00e9es d\u2019Ivorite\u00ae et de bois composite, donnent un toucher naturel exceptionnel. Les dimensions compactes du C1 sont id\u00e9ales pour les espaces plus restreints.  Contactez-nous pour obtenir plus de renseignements au sujet du C1 et de la possibilit\u00e9 de location.<\/p>\n\n\n\t\t<\/div>\n\t\t\t\t\t<\/div>\n\n\t\n\n<\/div>\n<div class=\"row align-middle\"  id=\"row-521774420\">\n\n\n\t<div id=\"col-1090756807\" class=\"col medium-4 small-12 large-4\"  >\n\t\t\t\t<div class=\"col-inner\"  >\n\t\t\t\n\t\t\t\n\n\t<div class=\"img has-hover x md-x lg-x y md-y lg-y\" id=\"image_1542912494\">\n\t\t\t\t\t\t\t\t<div class=\"img-inner dark\" >\n\t\t\t<img decoding=\"async\" width=\"500\" height=\"428\" src=\"https:\/\/www.pianoheritage.com\/wp-content\/uploads\/2018\/04\/U1-Polished-Ebony-e1624822977712.jpg\" class=\"attachment-large size-large\" alt=\"Yamaha U1 Polished Ebony\" \/>\t\t\t\t\t\t\n\t\t\t\t\t<\/div>\n\t\t\t\t\t\t\t\t\n<style>\n#image_1542912494 {\n  width: 100%;\n}\n<\/style>\n\t<\/div>\n\t\n\n\n\t\t<\/div>\n\t\t\t\t\t<\/div>\n\n\t\n\n\t<div id=\"col-2135996438\" class=\"col medium-8 small-12 large-8\"  >\n\t\t\t\t<div class=\"col-inner\"  >\n\t\t\t\n\t\t\t\n\n<div class=\"container section-title-container\" ><h3 class=\"section-title section-title-normal\"><b aria-hidden=\"true\"><\/b><span class=\"section-title-main\" >Yamaha U1 Upright<\/span><b aria-hidden=\"true\"><\/b><a href=\"\/shop\/yamaha-pianos\/upright-pianos\/yamaha-u1\/\">Voir Yamaha U1 Upright Piano<i class=\"icon-angle-right\" aria-hidden=\"true\"><\/i><\/a><\/h3><\/div>\n\n<p>Favori depuis toujours des pianistes \u00e9clair\u00e9s, le U1 offre un rendement musical exceptionnel. Il fixe les normes de qualit\u00e9 auxquelles plusieurs autres pianos droits sont compar\u00e9s.  Contactez-nous pour obtenir plus de renseignements au sujet du U1 et de la possibilit\u00e9 de location.<\/p>\n\n\n\t\t<\/div>\n\t\t\t\t\t<\/div>\n\n\t\n\n<\/div>\n\n","protected":false},"excerpt":{"rendered":"","protected":false},"author":1,"featured_media":0,"parent":0,"menu_order":0,"comment_status":"closed","ping_status":"closed","template":"","meta":{"footnotes":""},"class_list":["post-1372","page","type-page","status-publish","hentry"],"jetpack_sharing_enabled":true,"jetpack_shortlink":"https:\/\/wp.me\/P9SXGg-m8","_links":{"self":[{"href":"https:\/\/www.pianoheritage.com\/fr\/wp-json\/wp\/v2\/pages\/1372","targetHints":{"allow":["GET"]}}],"collection":[{"href":"https:\/\/www.pianoheritage.com\/fr\/wp-json\/wp\/v2\/pages"}],"about":[{"href":"https:\/\/www.pianoheritage.com\/fr\/wp-json\/wp\/v2\/types\/page"}],"author":[{"embeddable":true,"href":"https:\/\/www.pianoheritage.com\/fr\/wp-json\/wp\/v2\/users\/1"}],"replies":[{"embeddable":true,"href":"https:\/\/www.pianoheritage.com\/fr\/wp-json\/wp\/v2\/comments?post=1372"}],"version-history":[{"count":0,"href":"https:\/\/www.pianoheritage.com\/fr\/wp-json\/wp\/v2\/pages\/1372\/revisions"}],"wp:attachment":[{"href":"https:\/\/www.pianoheritage.com\/fr\/wp-json\/wp\/v2\/media?parent=1372"}],"curies":[{"name":"wp","href":"https:\/\/api.w.org\/{rel}","templated":true}]}}